{"id":733,"date":"2022-12-06T20:01:08","date_gmt":"2022-12-06T20:01:08","guid":{"rendered":"https:\/\/cacme-caemc.ca\/for-schools-with-visits-in-2024-2025\/"},"modified":"2026-03-06T04:34:50","modified_gmt":"2026-03-06T04:34:50","slug":"documents-dagrement","status":"publish","type":"page","link":"https:\/\/cacme-caemc.ca\/fr\/documents-dagrement\/","title":{"rendered":"Documents d&rsquo;agr\u00e9ment"},"content":{"rendered":"<div class=\"wpb-content-wrapper\"><p>[vc_row][vc_column][vc_tta_tour][vc_tta_section title=\u00a0\u00bbLes normes d&rsquo;agr\u00e9ment du CA\u00c9MC\u00a0\u00bb tab_id=\u00a0\u00bb1670005909880-d3f82535-629ea8ee-92b1&Prime;][vc_column_text]<\/p>\n<h2>Les normes d&rsquo;agr\u00e9ment du CA\u00c9MC<\/h2>\n<p>Les normes d&rsquo;agr\u00e9ment du CA\u00c9MC constituent la base sur laquelle la qualit\u00e9 des bureaux d&rsquo;\u00e9ducation m\u00e9dicale continue des universit\u00e9s canadiennes sera jug\u00e9e dans le cadre du processus d&rsquo;agr\u00e9ment par les pairs.<\/p>\n<p>[\/vc_column_text][vc_btn title=\u00a0\u00bbLes normes d&rsquo;agr\u00e9ment du CA\u00c9MC\u00a0\u00bb style=\u00a0\u00bbcustom\u00a0\u00bb custom_background=\u00a0\u00bb#637bbb\u00a0\u00bb custom_text=\u00a0\u00bb#ffffff\u00a0\u00bb size=\u00a0\u00bblg\u00a0\u00bb i_icon_fontawesome=\u00a0\u00bbfar fa-file-pdf\u00a0\u00bb css=\u00a0\u00bb\u00a0\u00bb add_icon=\u00a0\u00bbtrue\u00a0\u00bb link=\u00a0\u00bburl:https%3A%2F%2Fcacme-caemc.ca%2Fwp-content%2Fuploads%2F2024%2F06%2F2023_Normes_Nationales_-dAgrement_DPC__CAEMC_REVISE_FINAL.pdf|target:_blank\u00a0\u00bb][\/vc_tta_section][vc_tta_section title=\u00a0\u00bbLes r\u00e8gles de proc\u00e9dure du CA\u00c9MC\u00a0\u00bb tab_id=\u00a0\u00bb1670356774898-067495ec-df60&Prime;][vc_column_text]<\/p>\n<h2>Les r\u00e8gles de proc\u00e9dure du CA\u00c9MC<\/h2>\n<p>Les R\u00e8gles de proc\u00e9dure r\u00e9gissent la mise en \u0153uvre du processus d&rsquo;agr\u00e9ment du CA\u00c9MC. Elles ont pour but de d\u00e9crire les proc\u00e9dures utilis\u00e9es dans le processus d&rsquo;agr\u00e9ment des unit\u00e9s universitaires canadiennes d&rsquo;\u00e9ducation m\u00e9dicale continue afin de promouvoir la transparence et la coh\u00e9rence des mesures prises par le CA\u00c9MC.[\/vc_column_text][vc_btn title=\u00a0\u00bbLes r\u00e8gles de proc\u00e9dure du CA\u00c9MC &#8211; avril 2024&Prime; style=\u00a0\u00bbcustom\u00a0\u00bb custom_background=\u00a0\u00bb#667bbb\u00a0\u00bb custom_text=\u00a0\u00bb#ffffff\u00a0\u00bb size=\u00a0\u00bblg\u00a0\u00bb i_icon_fontawesome=\u00a0\u00bbfar fa-file-pdf\u00a0\u00bb css=\u00a0\u00bb\u00a0\u00bb add_icon=\u00a0\u00bbtrue\u00a0\u00bb link=\u00a0\u00bburl:https%3A%2F%2Fcacme-caemc.ca%2Fwp-content%2Fuploads%2F2024%2F04%2FCAEMC_Regles_de_Procedure_2024_FINAL.pdf|target:_blank\u00a0\u00bb][\/vc_tta_section][vc_tta_section title=\u00a0\u00bbL&rsquo;instrument de collecte de donn\u00e9es du CA\u00c9MC\u00a0\u00bb tab_id=\u00a0\u00bb1670356740854-14eadd02-3277&Prime;][vc_column_text]<\/p>\n<h2>L&rsquo;instrument de collecte de donn\u00e9es du CA\u00c9MC<\/h2>\n<p>L\u2019Instrument de Collecte de Donn\u00e9es (ICD) consiste en un ensemble de formulaires que doivent remplir les unit\u00e9s universitaires de DPC dans le cadre du processus d\u2019agr\u00e9ment du Comit\u00e9 d&rsquo;agr\u00e9ment de l&rsquo;\u00e9ducation m\u00e9dicale continue (CA\u00c9MC).[\/vc_column_text][vc_btn title=\u00a0\u00bbL&rsquo;instrument de collecte de donn\u00e9es du CA\u00c9MC &#8211; R\u00e9vis\u00e9\u00a0\u00bb style=\u00a0\u00bbcustom\u00a0\u00bb custom_background=\u00a0\u00bb#637bbb\u00a0\u00bb custom_text=\u00a0\u00bb#ffffff\u00a0\u00bb size=\u00a0\u00bblg\u00a0\u00bb i_icon_fontawesome=\u00a0\u00bbfa fa-regular fa-file-word\u00a0\u00bb css=\u00a0\u00bb\u00a0\u00bb add_icon=\u00a0\u00bbtrue\u00a0\u00bb link=\u00a0\u00bburl:https%3A%2F%2Fcacme-caemc.ca%2Fwp-content%2Fuploads%2F2026%2F03%2F2025-07-02-2023_ICD_Normes_Nationales_-dAgrement_DPC__CAEMC_revision_des_instructions_FINAL-clq.docx|title:ICD%20CA%C3%89MC%202023%20-%20r%C3%A9vision%20des%20instructions\u00a0\u00bb][vc_btn title=\u00a0\u00bbMod\u00e8le d&rsquo;annexe de base &#8211; Table des mati\u00e8res\u00a0\u00bb style=\u00a0\u00bbcustom\u00a0\u00bb custom_background=\u00a0\u00bb#637bbb\u00a0\u00bb custom_text=\u00a0\u00bb#ffffff\u00a0\u00bb size=\u00a0\u00bblg\u00a0\u00bb i_icon_fontawesome=\u00a0\u00bbfa fa-regular fa-file-word\u00a0\u00bb css=\u00a0\u00bb\u00a0\u00bb add_icon=\u00a0\u00bbtrue\u00a0\u00bb link=\u00a0\u00bburl:https%3A%2F%2Fcacme-caemc.ca%2Fwp-content%2Fuploads%2F2025%2F04%2F2024-05-31-AnnexedeBase-TdM.docx|title:Mod%C3%A8le%20d&rsquo;annexe%20de%20base%20-%20Table%20des%20mati%C3%A8res|target:_blank\u00a0\u00bb][\/vc_tta_section][vc_tta_section title=\u00a0\u00bbGuide du d\u00e9roulement des visites d&rsquo;agr\u00e9ment du CA\u00c9MC\u00a0\u00bb tab_id=\u00a0\u00bb1675649690306-717ac493-71eb\u00a0\u00bb][vc_column_text]<\/p>\n<h2>Guide du d\u00e9roulement des visites d&rsquo;agr\u00e9ment du CA\u00c9MC<\/h2>\n<p>Le but de ce document est de fournir des informations sur les activit\u00e9s requises avant, pendant et apr\u00e8s une visite d&rsquo;agr\u00e9ment.[\/vc_column_text][vc_btn title=\u00a0\u00bbGuide du d\u00e9roulement des visites d&rsquo;agr\u00e9ment du CA\u00c9MC\u00a0\u00bb style=\u00a0\u00bbcustom\u00a0\u00bb custom_background=\u00a0\u00bb#637bbb\u00a0\u00bb custom_text=\u00a0\u00bb#ffffff\u00a0\u00bb size=\u00a0\u00bblg\u00a0\u00bb i_icon_fontawesome=\u00a0\u00bbfa fa-regular fa-file-pdf\u00a0\u00bb css=\u00a0\u00bb\u00a0\u00bb add_icon=\u00a0\u00bbtrue\u00a0\u00bb link=\u00a0\u00bburl:https%3A%2F%2Fcacme-caemc.ca%2Fwp-content%2Fuploads%2F2025%2F10%2F2025-07-02-Guide_du_deroulement_des_visites_dagrement_du_CAEMC-FINAL.pdf|title:Guide%20du%20deroulement%20des%20visites%20mises%20%C3%A0%20jour%20en%20juin%202025|target:_blank\u00a0\u00bb][\/vc_tta_section][vc_tta_section title=\u00a0\u00bbGuide de r\u00e9f\u00e9rence rapide pour la tenue d\u2019une \u00e9valuation interne de la qualit\u00e9 (EIQ)\u00a0\u00bb tab_id=\u00a0\u00bb1670356791621-fde44243-a277&Prime;][vc_column_text]<\/p>\n<h2>Guide de r\u00e9f\u00e9rence rapide pour la tenue d\u2019une \u00e9valuation interne de la qualit\u00e9 (EIQ)<\/h2>\n<p>L&rsquo;\u00e9valuation interne de la qualit\u00e9 (EIQ) est un exercice formatif d&rsquo;am\u00e9lioration continue de la qualit\u00e9 (ACQ), mandat\u00e9 par le CA\u00c9MC, et qui se d\u00e9roule \u00e0 mi-parcours du cycle d&rsquo;agr\u00e9ment de 8 ans des Unit\u00e9s de d\u00e9veloppement professionnel continu (DPC) des universit\u00e9s canadiennes. En plus de favoriser les processus d&rsquo;ACQ au sein des Unit\u00e9s de DPC, l&rsquo;EIQ aidera ces derni\u00e8res \u00e0 demeurer conformes aux normes d&rsquo;agr\u00e9ment durant toute la dur\u00e9e du cycle d&rsquo;agr\u00e9ment. Les Unit\u00e9s de DPC ne sont pas tenues de fournir les r\u00e9sultats de leur EIQ au CA\u00c9MC. Au terme de l\u2019EIQ, le doyen de la facult\u00e9 et le doyen du DPC doivent en confirmer l&rsquo;ach\u00e8vement en soumettant un formulaire de signature officiel. L\u2019EIQ et les processus de confirmation de r\u00e9alisation sont d\u00e9finis \u00e0 la norme d\u2019agr\u00e9ment 4.1.1.[\/vc_column_text][vc_btn title=\u00a0\u00bbGuide de r\u00e9f\u00e9rence rapide pour la tenue d\u2019une \u00e9valuation interne de la qualit\u00e9 (EIQ)\u00a0\u00bb style=\u00a0\u00bbcustom\u00a0\u00bb custom_background=\u00a0\u00bb#637bbb\u00a0\u00bb custom_text=\u00a0\u00bb#ffffff\u00a0\u00bb size=\u00a0\u00bblg\u00a0\u00bb i_icon_fontawesome=\u00a0\u00bbfar fa-file-pdf\u00a0\u00bb add_icon=\u00a0\u00bbtrue\u00a0\u00bb link=\u00a0\u00bburl:https%3A%2F%2Fcacme-caemc.ca%2Fwp-content%2Fuploads%2F2023%2F05%2FCAEMC-Guide-reference-rapide-EIQ-FR-Mai-2022.pdf|target:_blank\u00a0\u00bb][vc_btn title=\u00a0\u00bbCA\u00c9MC &#8211; Formulaire Confirmation de r\u00e9alisation \u00e9valuation interne de qualit\u00e9\u00a0\u00bb style=\u00a0\u00bbcustom\u00a0\u00bb custom_background=\u00a0\u00bb#637bbb\u00a0\u00bb custom_text=\u00a0\u00bb#ffffff\u00a0\u00bb size=\u00a0\u00bblg\u00a0\u00bb i_icon_fontawesome=\u00a0\u00bbfar fa-file-word\u00a0\u00bb add_icon=\u00a0\u00bbtrue\u00a0\u00bb link=\u00a0\u00bburl:https%3A%2F%2Fcacme-caemc.ca%2Fwp-content%2Fuploads%2F2023%2F05%2FCAEMC-Formulaire-Confirmation-de-realisation-evaluation-interne-de-qualite-mai-2022-1.docx|target:_blank\u00a0\u00bb][\/vc_tta_section][vc_tta_section title=\u00a0\u00bbGuide de v\u00e9rification des activit\u00e9s du CA\u00c9MC\u00a0\u00bb tab_id=\u00a0\u00bb1670356812478-7b791c3e-79e2&Prime;][vc_column_text css=\u00a0\u00bb\u00a0\u00bb]<\/p>\n<h2>Guide de v<span class=\"NormalTextRun SCXW87313931 BCX8\">\u00e9rification <\/span><span class=\"NormalTextRun SCXW87313931 BCX8\">des activit\u00e9s du <\/span>CA\u00c9MC<\/h2>\n<p>La v\u00e9rification des activit\u00e9s est effectu\u00e9e en collaboration avec le Coll\u00e8ge des m\u00e9decins de famille du Canada (CMFC), le Coll\u00e8ge royal des m\u00e9decins et chirurgiens du Canada (Coll\u00e8ge royal) et le secr\u00e9tariat du CA\u00c9MC pour assurer la conformit\u00e9 continue \u00e0 la norme 3.2. Le CMFC et le Coll\u00e8ge royal fourniront des d\u00e9tails aux unit\u00e9s universitaires de DPC\u00a0 sur leurs exigences et \u00e9ch\u00e9anciers.[\/vc_column_text][vc_btn title=\u00a0\u00bbGuide de v\u00e9rification des activit\u00e9s du CA\u00c9MC\u00a0\u00bb style=\u00a0\u00bbcustom\u00a0\u00bb custom_background=\u00a0\u00bb#637bbb\u00a0\u00bb custom_text=\u00a0\u00bb#ffffff\u00a0\u00bb size=\u00a0\u00bblg\u00a0\u00bb i_icon_fontawesome=\u00a0\u00bbfar fa-file-pdf\u00a0\u00bb css=\u00a0\u00bb\u00a0\u00bb add_icon=\u00a0\u00bbtrue\u00a0\u00bb link=\u00a0\u00bburl:https%3A%2F%2Fcacme-caemc.ca%2Fwp-content%2Fuploads%2F2025%2F05%2FGuide-de-verification-des-activites-du-CAEMC_mai-2025.pdf|title:Guide%20de%20v%C3%A9rification%20des%20activit%C3%A9s%20du%20CA%C3%89MC|target:_blank\u00a0\u00bb][\/vc_tta_section][\/vc_tta_tour][\/vc_column][\/vc_row]<\/p>\n<\/div>","protected":false},"excerpt":{"rendered":"<p>[vc_row][vc_column][vc_tta_tour][vc_tta_section title=\u00a0\u00bbLes normes d&rsquo;agr\u00e9ment du CA\u00c9MC\u00a0\u00bb tab_id=\u00a0\u00bb1670005909880-d3f82535-629ea8ee-92b1&Prime;][vc_column_text] Les normes d&rsquo;agr\u00e9ment du CA\u00c9MC Les normes d&rsquo;agr\u00e9ment du CA\u00c9MC constituent la base sur laquelle la qualit\u00e9 des bureaux d&rsquo;\u00e9ducation m\u00e9dicale continue des universit\u00e9s canadiennes sera jug\u00e9e dans le cadre du processus d&rsquo;agr\u00e9ment par les pairs. [\/vc_column_text][vc_btn title=\u00a0\u00bbLes normes d&rsquo;agr\u00e9ment du CA\u00c9MC\u00a0\u00bb style=\u00a0\u00bbcustom\u00a0\u00bb custom_background=\u00a0\u00bb#637bbb\u00a0\u00bb custom_text=\u00a0\u00bb#ffffff\u00a0\u00bb size=\u00a0\u00bblg\u00a0\u00bb i_icon_fontawesome=\u00a0\u00bbfar fa-file-pdf\u00a0\u00bb [&hellip;]<\/p>\n","protected":false},"author":6,"featured_media":0,"parent":0,"menu_order":0,"comment_status":"closed","ping_status":"closed","template":"page-templates\/page-subpage.php","meta":{"_acf_changed":false,"footnotes":""},"class_list":["post-733","page","type-page","status-publish","hentry"],"acf":[],"yoast_head":"<!-- This site is optimized with the Yoast SEO plugin v26.2 - https:\/\/yoast.com\/wordpress\/plugins\/seo\/ -->\n<title>Documents d&#039;agr\u00e9ment - CACME | CAEMC<\/title>\n<meta name=\"robots\" content=\"index, follow, max-snippet:-1, max-image-preview:large, max-video-preview:-1\" \/>\n<link rel=\"canonical\" href=\"https:\/\/cacme-caemc.ca\/fr\/documents-dagrement\/\" \/>\n<meta property=\"og:locale\" content=\"fr_FR\" \/>\n<meta property=\"og:type\" content=\"article\" \/>\n<meta property=\"og:title\" content=\"Documents d&#039;agr\u00e9ment - CACME | CAEMC\" \/>\n<meta property=\"og:description\" content=\"[vc_row][vc_column][vc_tta_tour][vc_tta_section title=\u00a0\u00bbLes normes d&rsquo;agr\u00e9ment du CA\u00c9MC\u00a0\u00bb tab_id=\u00a0\u00bb1670005909880-d3f82535-629ea8ee-92b1&Prime;][vc_column_text] Les normes d&rsquo;agr\u00e9ment du CA\u00c9MC Les normes d&rsquo;agr\u00e9ment du CA\u00c9MC constituent la base sur laquelle la qualit\u00e9 des bureaux d&rsquo;\u00e9ducation m\u00e9dicale continue des universit\u00e9s canadiennes sera jug\u00e9e dans le cadre du processus d&rsquo;agr\u00e9ment par les pairs. [\/vc_column_text][vc_btn title=\u00a0\u00bbLes normes d&rsquo;agr\u00e9ment du CA\u00c9MC\u00a0\u00bb style=\u00a0\u00bbcustom\u00a0\u00bb custom_background=\u00a0\u00bb#637bbb\u00a0\u00bb custom_text=\u00a0\u00bb#ffffff\u00a0\u00bb size=\u00a0\u00bblg\u00a0\u00bb i_icon_fontawesome=\u00a0\u00bbfar fa-file-pdf\u00a0\u00bb [&hellip;]\" \/>\n<meta property=\"og:url\" content=\"https:\/\/cacme-caemc.ca\/fr\/documents-dagrement\/\" \/>\n<meta property=\"og:site_name\" content=\"CACME | CAEMC\" \/>\n<meta property=\"article:modified_time\" content=\"2026-03-06T04:34:50+00:00\" \/>\n<meta name=\"twitter:card\" content=\"summary_large_image\" \/>\n<meta name=\"twitter:label1\" content=\"Dur\u00e9e de lecture estim\u00e9e\" \/>\n\t<meta name=\"twitter:data1\" content=\"3 minutes\" \/>\n<script type=\"application\/ld+json\" class=\"yoast-schema-graph\">{\"@context\":\"https:\/\/schema.org\",\"@graph\":[{\"@type\":\"WebPage\",\"@id\":\"https:\/\/cacme-caemc.ca\/fr\/documents-dagrement\/\",\"url\":\"https:\/\/cacme-caemc.ca\/fr\/documents-dagrement\/\",\"name\":\"Documents d'agr\u00e9ment - CACME | CAEMC\",\"isPartOf\":{\"@id\":\"https:\/\/cacme-caemc.ca\/#website\"},\"datePublished\":\"2022-12-06T20:01:08+00:00\",\"dateModified\":\"2026-03-06T04:34:50+00:00\",\"breadcrumb\":{\"@id\":\"https:\/\/cacme-caemc.ca\/fr\/documents-dagrement\/#breadcrumb\"},\"inLanguage\":\"fr-FR\",\"potentialAction\":[{\"@type\":\"ReadAction\",\"target\":[\"https:\/\/cacme-caemc.ca\/fr\/documents-dagrement\/\"]}]},{\"@type\":\"BreadcrumbList\",\"@id\":\"https:\/\/cacme-caemc.ca\/fr\/documents-dagrement\/#breadcrumb\",\"itemListElement\":[{\"@type\":\"ListItem\",\"position\":1,\"name\":\"Home\",\"item\":\"https:\/\/cacme-caemc.ca\/fr\/\"},{\"@type\":\"ListItem\",\"position\":2,\"name\":\"Documents d&#8217;agr\u00e9ment\"}]},{\"@type\":\"WebSite\",\"@id\":\"https:\/\/cacme-caemc.ca\/#website\",\"url\":\"https:\/\/cacme-caemc.ca\/\",\"name\":\"CACME | CAEMC\",\"description\":\"\",\"potentialAction\":[{\"@type\":\"SearchAction\",\"target\":{\"@type\":\"EntryPoint\",\"urlTemplate\":\"https:\/\/cacme-caemc.ca\/?s={search_term_string}\"},\"query-input\":{\"@type\":\"PropertyValueSpecification\",\"valueRequired\":true,\"valueName\":\"search_term_string\"}}],\"inLanguage\":\"fr-FR\"}]}<\/script>\n<!-- \/ Yoast SEO plugin. -->","yoast_head_json":{"title":"Documents d'agr\u00e9ment - CACME | CAEMC","robots":{"index":"index","follow":"follow","max-snippet":"max-snippet:-1","max-image-preview":"max-image-preview:large","max-video-preview":"max-video-preview:-1"},"canonical":"https:\/\/cacme-caemc.ca\/fr\/documents-dagrement\/","og_locale":"fr_FR","og_type":"article","og_title":"Documents d'agr\u00e9ment - CACME | CAEMC","og_description":"[vc_row][vc_column][vc_tta_tour][vc_tta_section title=\u00a0\u00bbLes normes d&rsquo;agr\u00e9ment du CA\u00c9MC\u00a0\u00bb tab_id=\u00a0\u00bb1670005909880-d3f82535-629ea8ee-92b1&Prime;][vc_column_text] Les normes d&rsquo;agr\u00e9ment du CA\u00c9MC Les normes d&rsquo;agr\u00e9ment du CA\u00c9MC constituent la base sur laquelle la qualit\u00e9 des bureaux d&rsquo;\u00e9ducation m\u00e9dicale continue des universit\u00e9s canadiennes sera jug\u00e9e dans le cadre du processus d&rsquo;agr\u00e9ment par les pairs. [\/vc_column_text][vc_btn title=\u00a0\u00bbLes normes d&rsquo;agr\u00e9ment du CA\u00c9MC\u00a0\u00bb style=\u00a0\u00bbcustom\u00a0\u00bb custom_background=\u00a0\u00bb#637bbb\u00a0\u00bb custom_text=\u00a0\u00bb#ffffff\u00a0\u00bb size=\u00a0\u00bblg\u00a0\u00bb i_icon_fontawesome=\u00a0\u00bbfar fa-file-pdf\u00a0\u00bb [&hellip;]","og_url":"https:\/\/cacme-caemc.ca\/fr\/documents-dagrement\/","og_site_name":"CACME | CAEMC","article_modified_time":"2026-03-06T04:34:50+00:00","twitter_card":"summary_large_image","twitter_misc":{"Dur\u00e9e de lecture estim\u00e9e":"3 minutes"},"schema":{"@context":"https:\/\/schema.org","@graph":[{"@type":"WebPage","@id":"https:\/\/cacme-caemc.ca\/fr\/documents-dagrement\/","url":"https:\/\/cacme-caemc.ca\/fr\/documents-dagrement\/","name":"Documents d'agr\u00e9ment - CACME | CAEMC","isPartOf":{"@id":"https:\/\/cacme-caemc.ca\/#website"},"datePublished":"2022-12-06T20:01:08+00:00","dateModified":"2026-03-06T04:34:50+00:00","breadcrumb":{"@id":"https:\/\/cacme-caemc.ca\/fr\/documents-dagrement\/#breadcrumb"},"inLanguage":"fr-FR","potentialAction":[{"@type":"ReadAction","target":["https:\/\/cacme-caemc.ca\/fr\/documents-dagrement\/"]}]},{"@type":"BreadcrumbList","@id":"https:\/\/cacme-caemc.ca\/fr\/documents-dagrement\/#breadcrumb","itemListElement":[{"@type":"ListItem","position":1,"name":"Home","item":"https:\/\/cacme-caemc.ca\/fr\/"},{"@type":"ListItem","position":2,"name":"Documents d&#8217;agr\u00e9ment"}]},{"@type":"WebSite","@id":"https:\/\/cacme-caemc.ca\/#website","url":"https:\/\/cacme-caemc.ca\/","name":"CACME | CAEMC","description":"","potentialAction":[{"@type":"SearchAction","target":{"@type":"EntryPoint","urlTemplate":"https:\/\/cacme-caemc.ca\/?s={search_term_string}"},"query-input":{"@type":"PropertyValueSpecification","valueRequired":true,"valueName":"search_term_string"}}],"inLanguage":"fr-FR"}]}},"_links":{"self":[{"href":"https:\/\/cacme-caemc.ca\/fr\/wp-json\/wp\/v2\/pages\/733","targetHints":{"allow":["GET"]}}],"collection":[{"href":"https:\/\/cacme-caemc.ca\/fr\/wp-json\/wp\/v2\/pages"}],"about":[{"href":"https:\/\/cacme-caemc.ca\/fr\/wp-json\/wp\/v2\/types\/page"}],"author":[{"embeddable":true,"href":"https:\/\/cacme-caemc.ca\/fr\/wp-json\/wp\/v2\/users\/6"}],"replies":[{"embeddable":true,"href":"https:\/\/cacme-caemc.ca\/fr\/wp-json\/wp\/v2\/comments?post=733"}],"version-history":[{"count":132,"href":"https:\/\/cacme-caemc.ca\/fr\/wp-json\/wp\/v2\/pages\/733\/revisions"}],"predecessor-version":[{"id":2066,"href":"https:\/\/cacme-caemc.ca\/fr\/wp-json\/wp\/v2\/pages\/733\/revisions\/2066"}],"wp:attachment":[{"href":"https:\/\/cacme-caemc.ca\/fr\/wp-json\/wp\/v2\/media?parent=733"}],"curies":[{"name":"wp","href":"https:\/\/api.w.org\/{rel}","templated":true}]}}