{"id":60,"date":"2022-11-17T13:01:45","date_gmt":"2022-11-17T13:01:45","guid":{"rendered":"https:\/\/cacme-caemc.ca\/homepage\/"},"modified":"2024-07-16T15:59:13","modified_gmt":"2024-07-16T15:59:13","slug":"homepage","status":"publish","type":"page","link":"https:\/\/cacme-caemc.ca\/fr\/","title":{"rendered":"Page d&rsquo;accueil"},"content":{"rendered":"<div class=\"wpb-content-wrapper\"><p>[vc_row full_width=\u00a0\u00bbstretch_row\u00a0\u00bb css=\u00a0\u00bb.vc_custom_1685022364592{padding-top: 170px !important;padding-bottom: 170px !important;background-image: url(https:\/\/cacme-caemc.ca\/wp-content\/uploads\/2023\/02\/Homepage-Photo.png?id=1218) !important;background-position: center !important;background-repeat: no-repeat !important;background-size: cover !important;}\u00a0\u00bb][vc_column][vc_custom_heading text=\u00a0\u00bbComit\u00e9 d\u2019agr\u00e9ment de l\u2019\u00e9ducation<br \/>\nm\u00e9dicale continue\u00a0\u00bb font_container=\u00a0\u00bbtag:h2|font_size:35px|text_align:left|color:%23637bbb|line_height:39px\u00a0\u00bb use_theme_fonts=\u00a0\u00bbyes\u00a0\u00bb][\/vc_column][\/vc_row][vc_row][vc_column width=\u00a0\u00bb1\/2&Prime;][vc_column_text css=\u00a0\u00bb\u00a0\u00bb]<\/p>\n<h2><strong><span style=\"color: #637bbb;\">Agr\u00e9ment<\/span><\/strong><\/h2>\n<p>L&rsquo;agr\u00e9ment consiste en un processus p\u00e9riodique et int\u00e9gr\u00e9 d&rsquo;auto-r\u00e9flexion institutionnelle et d&rsquo;examen externe fond\u00e9 sur des normes, deux pierres angulaires d&rsquo;une profession autor\u00e9glement\u00e9e dans le cadre de son contrat social avec la soci\u00e9t\u00e9 qu&rsquo;elle sert.<\/p>\n<p>Les unit\u00e9s universitaires canadiennes d\u2019\u00e9ducation m\u00e9dicale continue sont agr\u00e9\u00e9es par le Comit\u00e9 d\u2019agr\u00e9ment de l\u2019\u00e9ducation m\u00e9dicale continue (CA\u00c9MC). Le CA\u00c9MC est un comit\u00e9 national appuy\u00e9 par un partenariat compos\u00e9 de cinq organismes m\u00e9dicaux canadiens (appel\u00e9s ci-dessous \u00ab\u00a0instances de parrainage\u00a0\u00bb). Il comprend des m\u00e9decins praticiens et des enseignants nomm\u00e9s par ses organisations membres.<\/p>\n<p>Les normes d&rsquo;agr\u00e9ment du CA\u00c9MC ont \u00e9t\u00e9 \u00e9labor\u00e9es en tenant compte du caract\u00e8re unique des unit\u00e9s d\u2019\u00c9MC\/de DPC des universit\u00e9s. Elles diff\u00e8rent des autres fournisseurs d\u2019\u00c9MC\/de DPC parce qu&rsquo;elles sont bas\u00e9es dans des institutions financ\u00e9es par des fonds publics et, en tant que telles, ont la responsabilit\u00e9 particuli\u00e8re de r\u00e9pondre aux besoins de la soci\u00e9t\u00e9 en mati\u00e8re de sant\u00e9.[\/vc_column_text][\/vc_column][vc_column width=\u00a0\u00bb1\/2&Prime;][vc_column_text css=\u00a0\u00bb\u00a0\u00bb]<\/p>\n<h2><span style=\"color: #637bbb;\"><strong>Le processus<\/strong><\/span><\/h2>\n<ol>\n<li>Planification de la visite<\/li>\n<li>Soumission des documents<\/li>\n<li>La visite<\/li>\n<li>Le rapport de la visite<\/li>\n<li>D\u00e9cisions et actions<\/li>\n<\/ol>\n<p>[\/vc_column_text][vc_column_text css=\u00a0\u00bb\u00a0\u00bb]<\/p>\n<h2><strong><span style=\"color: #637bbb;\">Documents Resource<\/span><\/strong><\/h2>\n<p>Le secr\u00e9tariat du CA\u00c9MC a pr\u00e9par\u00e9e un recueil de donn\u00e9es sommaires sur l\u2019agr\u00e9ment des bureaux de formation m\u00e9dicale continue des universit\u00e9s canadiennes (CA\u00c9MC 101 : Notions \u00e9l\u00e9mentaires sur l\u2019agr\u00e9ment des bureaux de formation m\u00e9dicale continue des universit\u00e9s canadiennes)[\/vc_column_text][vc_btn title=\u00a0\u00bbCA\u00c9MC 101: Notions \u00e9l\u00e9mentaires sur l&rsquo;agr\u00e9ment des unit\u00e9s de DPC\u00a0\u00bb style=\u00a0\u00bbcustom\u00a0\u00bb custom_background=\u00a0\u00bb#637bbb\u00a0\u00bb custom_text=\u00a0\u00bb#ffffff\u00a0\u00bb css=\u00a0\u00bb\u00a0\u00bb link=\u00a0\u00bburl:https%3A%2F%2Fcacme-caemc.ca%2Fwp-content%2Fuploads%2F2024%2F01%2FCAEMC_101_-Notions-elementaires_January_2024_FINAL_FR.pdf\u00a0\u00bb][\/vc_column][\/vc_row][vc_row][vc_column][vc_column_text]<\/p>\n<h2>Un processus d\u2019agr\u00e9ment transparent et responsable<\/h2>\n<p>Un processus d\u2019agr\u00e9ment transparent et responsable donnera aux membres de la profession et au public l\u2019assurance d\u2019\u00eatre bien servis par les centres universitaires responsables de ce long segment du continuum d\u2019acquisition continue du savoir repr\u00e9sent\u00e9 par l\u2019\u00e9ducation m\u00e9dicale continue \/ le d\u00e9veloppement professionnel continu (\u00c9MC \/ DPC). L\u2019agr\u00e9ment favorisera les normes de rendement \u00e9lev\u00e9es auxquelles nous sommes en droit de nous attendre d\u2019un \u00e9tablissement universitaire.[\/vc_column_text][vc_btn title=\u00a0\u00bbEn savoir plus\u00a0\u00bb style=\u00a0\u00bbcustom\u00a0\u00bb custom_background=\u00a0\u00bb#637bbb\u00a0\u00bb custom_text=\u00a0\u00bb#ffffff\u00a0\u00bb size=\u00a0\u00bblg\u00a0\u00bb link=\u00a0\u00bburl:https%3A%2F%2Fcacme-caemc.ca%2Ffr%2Fa-propos-de-cafmc%2F|title:CA%C3%89MC%20en%20bref\u00a0\u00bb][\/vc_column][\/vc_row]<\/p>\n<\/div>","protected":false},"excerpt":{"rendered":"<p>[vc_row full_width=\u00a0\u00bbstretch_row\u00a0\u00bb css=\u00a0\u00bb.vc_custom_1685022364592{padding-top: 170px !important;padding-bottom: 170px !important;background-image: url(https:\/\/cacme-caemc.ca\/wp-content\/uploads\/2023\/02\/Homepage-Photo.png?id=1218) !important;background-position: center !important;background-repeat: no-repeat !important;background-size: cover !important;}\u00a0\u00bb][vc_column][vc_custom_heading text=\u00a0\u00bbComit\u00e9 d\u2019agr\u00e9ment de l\u2019\u00e9ducation m\u00e9dicale continue\u00a0\u00bb font_container=\u00a0\u00bbtag:h2|font_size:35px|text_align:left|color:%23637bbb|line_height:39px\u00a0\u00bb use_theme_fonts=\u00a0\u00bbyes\u00a0\u00bb][\/vc_column][\/vc_row][vc_row][vc_column width=\u00a0\u00bb1\/2&Prime;][vc_column_text css=\u00a0\u00bb\u00a0\u00bb] Agr\u00e9ment L&rsquo;agr\u00e9ment consiste en un processus p\u00e9riodique et int\u00e9gr\u00e9 d&rsquo;auto-r\u00e9flexion institutionnelle et d&rsquo;examen externe fond\u00e9 sur des normes, deux pierres angulaires d&rsquo;une profession autor\u00e9glement\u00e9e dans le cadre de son contrat [&hellip;]<\/p>\n","protected":false},"author":6,"featured_media":0,"parent":0,"menu_order":0,"comment_status":"closed","ping_status":"closed","template":"page-templates\/page-homepage.php","meta":{"_acf_changed":false,"footnotes":""},"class_list":["post-60","page","type-page","status-publish","hentry"],"acf":[],"yoast_head":"<!-- This site is optimized with the Yoast SEO plugin v26.2 - https:\/\/yoast.com\/wordpress\/plugins\/seo\/ -->\n<title>Page d&#039;accueil - CACME | CAEMC<\/title>\n<meta name=\"robots\" content=\"index, follow, max-snippet:-1, max-image-preview:large, max-video-preview:-1\" \/>\n<link rel=\"canonical\" href=\"https:\/\/cacme-caemc.ca\/fr\/\" \/>\n<meta property=\"og:locale\" content=\"fr_FR\" \/>\n<meta property=\"og:type\" content=\"article\" \/>\n<meta property=\"og:title\" content=\"Page d&#039;accueil - CACME | CAEMC\" \/>\n<meta property=\"og:description\" content=\"[vc_row full_width=\u00a0\u00bbstretch_row\u00a0\u00bb css=\u00a0\u00bb.vc_custom_1685022364592{padding-top: 170px !important;padding-bottom: 170px !important;background-image: url(https:\/\/cacme-caemc.ca\/wp-content\/uploads\/2023\/02\/Homepage-Photo.png?id=1218) !important;background-position: center !important;background-repeat: no-repeat !important;background-size: cover !important;}\u00a0\u00bb][vc_column][vc_custom_heading text=\u00a0\u00bbComit\u00e9 d\u2019agr\u00e9ment de l\u2019\u00e9ducation m\u00e9dicale continue\u00a0\u00bb font_container=\u00a0\u00bbtag:h2|font_size:35px|text_align:left|color:%23637bbb|line_height:39px\u00a0\u00bb use_theme_fonts=\u00a0\u00bbyes\u00a0\u00bb][\/vc_column][\/vc_row][vc_row][vc_column width=\u00a0\u00bb1\/2&Prime;][vc_column_text css=\u00a0\u00bb\u00a0\u00bb] Agr\u00e9ment L&rsquo;agr\u00e9ment consiste en un processus p\u00e9riodique et int\u00e9gr\u00e9 d&rsquo;auto-r\u00e9flexion institutionnelle et d&rsquo;examen externe fond\u00e9 sur des normes, deux pierres angulaires d&rsquo;une profession autor\u00e9glement\u00e9e dans le cadre de son contrat [&hellip;]\" \/>\n<meta property=\"og:url\" content=\"https:\/\/cacme-caemc.ca\/fr\/\" \/>\n<meta property=\"og:site_name\" content=\"CACME | CAEMC\" \/>\n<meta property=\"article:modified_time\" content=\"2024-07-16T15:59:13+00:00\" \/>\n<meta name=\"twitter:card\" content=\"summary_large_image\" \/>\n<meta name=\"twitter:label1\" content=\"Dur\u00e9e de lecture estim\u00e9e\" \/>\n\t<meta name=\"twitter:data1\" content=\"2 minutes\" \/>\n<script type=\"application\/ld+json\" class=\"yoast-schema-graph\">{\"@context\":\"https:\/\/schema.org\",\"@graph\":[{\"@type\":\"WebPage\",\"@id\":\"https:\/\/cacme-caemc.ca\/fr\/\",\"url\":\"https:\/\/cacme-caemc.ca\/fr\/\",\"name\":\"Page d'accueil - CACME | CAEMC\",\"isPartOf\":{\"@id\":\"https:\/\/cacme-caemc.ca\/#website\"},\"datePublished\":\"2022-11-17T13:01:45+00:00\",\"dateModified\":\"2024-07-16T15:59:13+00:00\",\"breadcrumb\":{\"@id\":\"https:\/\/cacme-caemc.ca\/fr\/#breadcrumb\"},\"inLanguage\":\"fr-FR\",\"potentialAction\":[{\"@type\":\"ReadAction\",\"target\":[\"https:\/\/cacme-caemc.ca\/fr\/\"]}]},{\"@type\":\"BreadcrumbList\",\"@id\":\"https:\/\/cacme-caemc.ca\/fr\/#breadcrumb\",\"itemListElement\":[{\"@type\":\"ListItem\",\"position\":1,\"name\":\"Home\",\"item\":\"https:\/\/cacme-caemc.ca\/fr\/\"},{\"@type\":\"ListItem\",\"position\":2,\"name\":\"Page d&#8217;accueil\"}]},{\"@type\":\"WebSite\",\"@id\":\"https:\/\/cacme-caemc.ca\/#website\",\"url\":\"https:\/\/cacme-caemc.ca\/\",\"name\":\"CACME | CAEMC\",\"description\":\"\",\"potentialAction\":[{\"@type\":\"SearchAction\",\"target\":{\"@type\":\"EntryPoint\",\"urlTemplate\":\"https:\/\/cacme-caemc.ca\/?s={search_term_string}\"},\"query-input\":{\"@type\":\"PropertyValueSpecification\",\"valueRequired\":true,\"valueName\":\"search_term_string\"}}],\"inLanguage\":\"fr-FR\"}]}<\/script>\n<!-- \/ Yoast SEO plugin. -->","yoast_head_json":{"title":"Page d'accueil - CACME | CAEMC","robots":{"index":"index","follow":"follow","max-snippet":"max-snippet:-1","max-image-preview":"max-image-preview:large","max-video-preview":"max-video-preview:-1"},"canonical":"https:\/\/cacme-caemc.ca\/fr\/","og_locale":"fr_FR","og_type":"article","og_title":"Page d'accueil - CACME | CAEMC","og_description":"[vc_row full_width=\u00a0\u00bbstretch_row\u00a0\u00bb css=\u00a0\u00bb.vc_custom_1685022364592{padding-top: 170px !important;padding-bottom: 170px !important;background-image: url(https:\/\/cacme-caemc.ca\/wp-content\/uploads\/2023\/02\/Homepage-Photo.png?id=1218) !important;background-position: center !important;background-repeat: no-repeat !important;background-size: cover !important;}\u00a0\u00bb][vc_column][vc_custom_heading text=\u00a0\u00bbComit\u00e9 d\u2019agr\u00e9ment de l\u2019\u00e9ducation m\u00e9dicale continue\u00a0\u00bb font_container=\u00a0\u00bbtag:h2|font_size:35px|text_align:left|color:%23637bbb|line_height:39px\u00a0\u00bb use_theme_fonts=\u00a0\u00bbyes\u00a0\u00bb][\/vc_column][\/vc_row][vc_row][vc_column width=\u00a0\u00bb1\/2&Prime;][vc_column_text css=\u00a0\u00bb\u00a0\u00bb] Agr\u00e9ment L&rsquo;agr\u00e9ment consiste en un processus p\u00e9riodique et int\u00e9gr\u00e9 d&rsquo;auto-r\u00e9flexion institutionnelle et d&rsquo;examen externe fond\u00e9 sur des normes, deux pierres angulaires d&rsquo;une profession autor\u00e9glement\u00e9e dans le cadre de son contrat [&hellip;]","og_url":"https:\/\/cacme-caemc.ca\/fr\/","og_site_name":"CACME | CAEMC","article_modified_time":"2024-07-16T15:59:13+00:00","twitter_card":"summary_large_image","twitter_misc":{"Dur\u00e9e de lecture estim\u00e9e":"2 minutes"},"schema":{"@context":"https:\/\/schema.org","@graph":[{"@type":"WebPage","@id":"https:\/\/cacme-caemc.ca\/fr\/","url":"https:\/\/cacme-caemc.ca\/fr\/","name":"Page d'accueil - CACME | CAEMC","isPartOf":{"@id":"https:\/\/cacme-caemc.ca\/#website"},"datePublished":"2022-11-17T13:01:45+00:00","dateModified":"2024-07-16T15:59:13+00:00","breadcrumb":{"@id":"https:\/\/cacme-caemc.ca\/fr\/#breadcrumb"},"inLanguage":"fr-FR","potentialAction":[{"@type":"ReadAction","target":["https:\/\/cacme-caemc.ca\/fr\/"]}]},{"@type":"BreadcrumbList","@id":"https:\/\/cacme-caemc.ca\/fr\/#breadcrumb","itemListElement":[{"@type":"ListItem","position":1,"name":"Home","item":"https:\/\/cacme-caemc.ca\/fr\/"},{"@type":"ListItem","position":2,"name":"Page d&#8217;accueil"}]},{"@type":"WebSite","@id":"https:\/\/cacme-caemc.ca\/#website","url":"https:\/\/cacme-caemc.ca\/","name":"CACME | CAEMC","description":"","potentialAction":[{"@type":"SearchAction","target":{"@type":"EntryPoint","urlTemplate":"https:\/\/cacme-caemc.ca\/?s={search_term_string}"},"query-input":{"@type":"PropertyValueSpecification","valueRequired":true,"valueName":"search_term_string"}}],"inLanguage":"fr-FR"}]}},"_links":{"self":[{"href":"https:\/\/cacme-caemc.ca\/fr\/wp-json\/wp\/v2\/pages\/60","targetHints":{"allow":["GET"]}}],"collection":[{"href":"https:\/\/cacme-caemc.ca\/fr\/wp-json\/wp\/v2\/pages"}],"about":[{"href":"https:\/\/cacme-caemc.ca\/fr\/wp-json\/wp\/v2\/types\/page"}],"author":[{"embeddable":true,"href":"https:\/\/cacme-caemc.ca\/fr\/wp-json\/wp\/v2\/users\/6"}],"replies":[{"embeddable":true,"href":"https:\/\/cacme-caemc.ca\/fr\/wp-json\/wp\/v2\/comments?post=60"}],"version-history":[{"count":27,"href":"https:\/\/cacme-caemc.ca\/fr\/wp-json\/wp\/v2\/pages\/60\/revisions"}],"predecessor-version":[{"id":1786,"href":"https:\/\/cacme-caemc.ca\/fr\/wp-json\/wp\/v2\/pages\/60\/revisions\/1786"}],"wp:attachment":[{"href":"https:\/\/cacme-caemc.ca\/fr\/wp-json\/wp\/v2\/media?parent=60"}],"curies":[{"name":"wp","href":"https:\/\/api.w.org\/{rel}","templated":true}]}}