{"id":546,"date":"2022-12-02T16:04:27","date_gmt":"2022-12-02T16:04:27","guid":{"rendered":"https:\/\/cacme-caemc.ca\/for-schools-with-visits-in-2022-2023\/"},"modified":"2026-01-05T20:44:23","modified_gmt":"2026-01-05T20:44:23","slug":"pour-les-ecoles-avec-des-visites-en-2022-2023","status":"publish","type":"page","link":"https:\/\/cacme-caemc.ca\/fr\/caemc-en-bref\/pour-les-ecoles-avec-des-visites-en-2022-2023\/","title":{"rendered":"Dates des prochaines visites d&rsquo;agr\u00e9ment (au plus tard)"},"content":{"rendered":"<div class=\"wpb-content-wrapper\"><p>[vc_row][vc_column][vc_column_text css=\u00a0\u00bb\u00a0\u00bb]<strong>2025-2026<\/strong><\/p>\n<ul>\n<li>Memorial University of Newfoundland, Faculty of Medicine, Office of Professional and Educational Development (OPED)<\/li>\n<li>Universit\u00e9 de Montr\u00e9al, Facult\u00e9 de m\u00e9decine, Direction du d\u00e9veloppement professionnel continu<\/li>\n<li>Dalhousie University, Faculty of Medicine, Office of Continuing Professional Development and Medical Education<\/li>\n<\/ul>\n<p><strong>2026-2027<\/strong><\/p>\n<ul>\n<li>Queen&rsquo;s University, Faculty of Health Sciences, Office of Continuing Professional Development<\/li>\n<li>Universit\u00e9 de Sherbrooke, Facult\u00e9 de m\u00e9decine et des sciences de la sant\u00e9, Centre de formation continue<\/li>\n<li>McGill University, Faculty of Medicine and Health Sciences, Office of Continuing Medical Education<\/li>\n<\/ul>\n<p><strong>2027-2028<\/strong><\/p>\n<ul>\n<li>University of Toronto, Temerty Faculty of Medicine, Office of Continuing Professional Development<\/li>\n<li>University of Calgary, Cumming School of Medicine, Office of Continuing Medical Education &amp; Professional Development<\/li>\n<\/ul>\n<p><strong>2028-2029<\/strong><\/p>\n<ul>\n<li>McMaster University, Faculty of Health Sciences, Office of Continuing Professional Development<\/li>\n<li>University of Ottawa, Faculty of Medicine, Office of Continuing Medical Education<\/li>\n<\/ul>\n<p><strong>2029-2030<\/strong><\/p>\n<ul>\n<li>Western University, Schulich School of Medicine and Dentistry, Office of Continuing Medical Education<\/li>\n<li>University of Saskatchewan, College of Medicine, Continuing Medical Education Office<\/li>\n<\/ul>\n<p><strong>2031-2032<\/strong><\/p>\n<ul>\n<li>University of Manitoba, Rady Faculty of Health Sciences,\u00a0Office of Continuing Competency and Assessment<\/li>\n<\/ul>\n<p><strong>2032-2033<\/strong><\/p>\n<ul>\n<li>University of British Columbia, Faculty of Medicine, Division of Continuing Professional Development<\/li>\n<li>Universit\u00e9 Laval, Facult\u00e9 de m\u00e9decine, Centre de d\u00e9veloppement professionnel continue<\/li>\n<li>Northern Ontario School of Medicine University, Office of Continuing Education and Professional Development<\/li>\n<\/ul>\n<p>[\/vc_column_text][\/vc_column][\/vc_row]<\/p>\n<\/div>","protected":false},"excerpt":{"rendered":"<p>[vc_row][vc_column][vc_column_text css=\u00a0\u00bb\u00a0\u00bb]2025-2026 Memorial University of Newfoundland, Faculty of Medicine, Office of Professional and Educational Development (OPED) Universit\u00e9 de Montr\u00e9al, Facult\u00e9 de m\u00e9decine, Direction du d\u00e9veloppement professionnel continu Dalhousie University, Faculty of Medicine, Office of Continuing Professional Development and Medical Education 2026-2027 Queen&rsquo;s University, Faculty of Health Sciences, Office of Continuing Professional Development Universit\u00e9 de Sherbrooke, [&hellip;]<\/p>\n","protected":false},"author":6,"featured_media":0,"parent":158,"menu_order":0,"comment_status":"closed","ping_status":"closed","template":"page-templates\/page-subpage.php","meta":{"_acf_changed":false,"footnotes":""},"class_list":["post-546","page","type-page","status-publish","hentry"],"acf":[],"yoast_head":"<!-- This site is optimized with the Yoast SEO plugin v26.2 - https:\/\/yoast.com\/wordpress\/plugins\/seo\/ -->\n<title>Dates des prochaines visites d&#039;agr\u00e9ment (au plus tard) - CACME | CAEMC<\/title>\n<meta name=\"robots\" content=\"index, follow, max-snippet:-1, max-image-preview:large, max-video-preview:-1\" \/>\n<link rel=\"canonical\" href=\"https:\/\/cacme-caemc.ca\/fr\/caemc-en-bref\/pour-les-ecoles-avec-des-visites-en-2022-2023\/\" \/>\n<meta property=\"og:locale\" content=\"fr_FR\" \/>\n<meta property=\"og:type\" content=\"article\" \/>\n<meta property=\"og:title\" content=\"Dates des prochaines visites d&#039;agr\u00e9ment (au plus tard) - CACME | CAEMC\" \/>\n<meta property=\"og:description\" content=\"[vc_row][vc_column][vc_column_text css=\u00a0\u00bb\u00a0\u00bb]2025-2026 Memorial University of Newfoundland, Faculty of Medicine, Office of Professional and Educational Development (OPED) Universit\u00e9 de Montr\u00e9al, Facult\u00e9 de m\u00e9decine, Direction du d\u00e9veloppement professionnel continu Dalhousie University, Faculty of Medicine, Office of Continuing Professional Development and Medical Education 2026-2027 Queen&rsquo;s University, Faculty of Health Sciences, Office of Continuing Professional Development Universit\u00e9 de Sherbrooke, [&hellip;]\" \/>\n<meta property=\"og:url\" content=\"https:\/\/cacme-caemc.ca\/fr\/caemc-en-bref\/pour-les-ecoles-avec-des-visites-en-2022-2023\/\" \/>\n<meta property=\"og:site_name\" content=\"CACME | CAEMC\" \/>\n<meta property=\"article:modified_time\" content=\"2026-01-05T20:44:23+00:00\" \/>\n<meta name=\"twitter:card\" content=\"summary_large_image\" \/>\n<meta name=\"twitter:label1\" content=\"Dur\u00e9e de lecture estim\u00e9e\" \/>\n\t<meta name=\"twitter:data1\" content=\"1 minute\" \/>\n<script type=\"application\/ld+json\" class=\"yoast-schema-graph\">{\"@context\":\"https:\/\/schema.org\",\"@graph\":[{\"@type\":\"WebPage\",\"@id\":\"https:\/\/cacme-caemc.ca\/fr\/caemc-en-bref\/pour-les-ecoles-avec-des-visites-en-2022-2023\/\",\"url\":\"https:\/\/cacme-caemc.ca\/fr\/caemc-en-bref\/pour-les-ecoles-avec-des-visites-en-2022-2023\/\",\"name\":\"Dates des prochaines visites d'agr\u00e9ment (au plus tard) - CACME | CAEMC\",\"isPartOf\":{\"@id\":\"https:\/\/cacme-caemc.ca\/#website\"},\"datePublished\":\"2022-12-02T16:04:27+00:00\",\"dateModified\":\"2026-01-05T20:44:23+00:00\",\"breadcrumb\":{\"@id\":\"https:\/\/cacme-caemc.ca\/fr\/caemc-en-bref\/pour-les-ecoles-avec-des-visites-en-2022-2023\/#breadcrumb\"},\"inLanguage\":\"fr-FR\",\"potentialAction\":[{\"@type\":\"ReadAction\",\"target\":[\"https:\/\/cacme-caemc.ca\/fr\/caemc-en-bref\/pour-les-ecoles-avec-des-visites-en-2022-2023\/\"]}]},{\"@type\":\"BreadcrumbList\",\"@id\":\"https:\/\/cacme-caemc.ca\/fr\/caemc-en-bref\/pour-les-ecoles-avec-des-visites-en-2022-2023\/#breadcrumb\",\"itemListElement\":[{\"@type\":\"ListItem\",\"position\":1,\"name\":\"Home\",\"item\":\"https:\/\/cacme-caemc.ca\/fr\/\"},{\"@type\":\"ListItem\",\"position\":2,\"name\":\"CA\u00c9MC en bref\",\"item\":\"https:\/\/cacme-caemc.ca\/fr\/caemc-en-bref\/\"},{\"@type\":\"ListItem\",\"position\":3,\"name\":\"Dates des prochaines visites d&#8217;agr\u00e9ment (au plus tard)\"}]},{\"@type\":\"WebSite\",\"@id\":\"https:\/\/cacme-caemc.ca\/#website\",\"url\":\"https:\/\/cacme-caemc.ca\/\",\"name\":\"CACME | CAEMC\",\"description\":\"\",\"potentialAction\":[{\"@type\":\"SearchAction\",\"target\":{\"@type\":\"EntryPoint\",\"urlTemplate\":\"https:\/\/cacme-caemc.ca\/?s={search_term_string}\"},\"query-input\":{\"@type\":\"PropertyValueSpecification\",\"valueRequired\":true,\"valueName\":\"search_term_string\"}}],\"inLanguage\":\"fr-FR\"}]}<\/script>\n<!-- \/ Yoast SEO plugin. -->","yoast_head_json":{"title":"Dates des prochaines visites d'agr\u00e9ment (au plus tard) - CACME | CAEMC","robots":{"index":"index","follow":"follow","max-snippet":"max-snippet:-1","max-image-preview":"max-image-preview:large","max-video-preview":"max-video-preview:-1"},"canonical":"https:\/\/cacme-caemc.ca\/fr\/caemc-en-bref\/pour-les-ecoles-avec-des-visites-en-2022-2023\/","og_locale":"fr_FR","og_type":"article","og_title":"Dates des prochaines visites d'agr\u00e9ment (au plus tard) - CACME | CAEMC","og_description":"[vc_row][vc_column][vc_column_text css=\u00a0\u00bb\u00a0\u00bb]2025-2026 Memorial University of Newfoundland, Faculty of Medicine, Office of Professional and Educational Development (OPED) Universit\u00e9 de Montr\u00e9al, Facult\u00e9 de m\u00e9decine, Direction du d\u00e9veloppement professionnel continu Dalhousie University, Faculty of Medicine, Office of Continuing Professional Development and Medical Education 2026-2027 Queen&rsquo;s University, Faculty of Health Sciences, Office of Continuing Professional Development Universit\u00e9 de Sherbrooke, [&hellip;]","og_url":"https:\/\/cacme-caemc.ca\/fr\/caemc-en-bref\/pour-les-ecoles-avec-des-visites-en-2022-2023\/","og_site_name":"CACME | CAEMC","article_modified_time":"2026-01-05T20:44:23+00:00","twitter_card":"summary_large_image","twitter_misc":{"Dur\u00e9e de lecture estim\u00e9e":"1 minute"},"schema":{"@context":"https:\/\/schema.org","@graph":[{"@type":"WebPage","@id":"https:\/\/cacme-caemc.ca\/fr\/caemc-en-bref\/pour-les-ecoles-avec-des-visites-en-2022-2023\/","url":"https:\/\/cacme-caemc.ca\/fr\/caemc-en-bref\/pour-les-ecoles-avec-des-visites-en-2022-2023\/","name":"Dates des prochaines visites d'agr\u00e9ment (au plus tard) - CACME | CAEMC","isPartOf":{"@id":"https:\/\/cacme-caemc.ca\/#website"},"datePublished":"2022-12-02T16:04:27+00:00","dateModified":"2026-01-05T20:44:23+00:00","breadcrumb":{"@id":"https:\/\/cacme-caemc.ca\/fr\/caemc-en-bref\/pour-les-ecoles-avec-des-visites-en-2022-2023\/#breadcrumb"},"inLanguage":"fr-FR","potentialAction":[{"@type":"ReadAction","target":["https:\/\/cacme-caemc.ca\/fr\/caemc-en-bref\/pour-les-ecoles-avec-des-visites-en-2022-2023\/"]}]},{"@type":"BreadcrumbList","@id":"https:\/\/cacme-caemc.ca\/fr\/caemc-en-bref\/pour-les-ecoles-avec-des-visites-en-2022-2023\/#breadcrumb","itemListElement":[{"@type":"ListItem","position":1,"name":"Home","item":"https:\/\/cacme-caemc.ca\/fr\/"},{"@type":"ListItem","position":2,"name":"CA\u00c9MC en bref","item":"https:\/\/cacme-caemc.ca\/fr\/caemc-en-bref\/"},{"@type":"ListItem","position":3,"name":"Dates des prochaines visites d&#8217;agr\u00e9ment (au plus tard)"}]},{"@type":"WebSite","@id":"https:\/\/cacme-caemc.ca\/#website","url":"https:\/\/cacme-caemc.ca\/","name":"CACME | CAEMC","description":"","potentialAction":[{"@type":"SearchAction","target":{"@type":"EntryPoint","urlTemplate":"https:\/\/cacme-caemc.ca\/?s={search_term_string}"},"query-input":{"@type":"PropertyValueSpecification","valueRequired":true,"valueName":"search_term_string"}}],"inLanguage":"fr-FR"}]}},"_links":{"self":[{"href":"https:\/\/cacme-caemc.ca\/fr\/wp-json\/wp\/v2\/pages\/546","targetHints":{"allow":["GET"]}}],"collection":[{"href":"https:\/\/cacme-caemc.ca\/fr\/wp-json\/wp\/v2\/pages"}],"about":[{"href":"https:\/\/cacme-caemc.ca\/fr\/wp-json\/wp\/v2\/types\/page"}],"author":[{"embeddable":true,"href":"https:\/\/cacme-caemc.ca\/fr\/wp-json\/wp\/v2\/users\/6"}],"replies":[{"embeddable":true,"href":"https:\/\/cacme-caemc.ca\/fr\/wp-json\/wp\/v2\/comments?post=546"}],"version-history":[{"count":15,"href":"https:\/\/cacme-caemc.ca\/fr\/wp-json\/wp\/v2\/pages\/546\/revisions"}],"predecessor-version":[{"id":2032,"href":"https:\/\/cacme-caemc.ca\/fr\/wp-json\/wp\/v2\/pages\/546\/revisions\/2032"}],"up":[{"embeddable":true,"href":"https:\/\/cacme-caemc.ca\/fr\/wp-json\/wp\/v2\/pages\/158"}],"wp:attachment":[{"href":"https:\/\/cacme-caemc.ca\/fr\/wp-json\/wp\/v2\/media?parent=546"}],"curies":[{"name":"wp","href":"https:\/\/api.w.org\/{rel}","templated":true}]}}