{"id":537,"date":"2022-11-17T18:14:26","date_gmt":"2022-11-17T18:14:26","guid":{"rendered":"https:\/\/cacme-caemc.ca\/resource-documents\/"},"modified":"2024-05-30T17:10:05","modified_gmt":"2024-05-30T17:10:05","slug":"documents-ressources","status":"publish","type":"page","link":"https:\/\/cacme-caemc.ca\/fr\/documents-ressources\/","title":{"rendered":"Documents ressource"},"content":{"rendered":"<div class=\"wpb-content-wrapper\"><p>[vc_row][vc_column][vc_column_text]Le secr\u00e9tariat du CA\u00c9MC pr\u00e9par\u00e9e un recueil de donn\u00e9es sommaires sur l\u2019agr\u00e9ment des bureaux de formation m\u00e9dicale continue des universit\u00e9s canadiennes (CA\u00c9MC 101 : Notions \u00e9l\u00e9mentaires sur l\u2019agr\u00e9ment des bureaux de formation m\u00e9dicale continue des universit\u00e9s canadiennes)[\/vc_column_text][vc_btn title=\u00a0\u00bbCA\u00c9MC 101 : Notions \u00e9l\u00e9mentaires sur l&rsquo;agr\u00e9ment des unit\u00e9s de DPC (Publi\u00e9 en mai 2024)\u00a0\u00bb style=\u00a0\u00bbcustom\u00a0\u00bb custom_background=\u00a0\u00bb#637bbb\u00a0\u00bb custom_text=\u00a0\u00bb#ffffff\u00a0\u00bb size=\u00a0\u00bblg\u00a0\u00bb css=\u00a0\u00bb\u00a0\u00bb link=\u00a0\u00bburl:https%3A%2F%2Fcacme-caemc.ca%2Fwp-content%2Fuploads%2F2024%2F05%2FCAEMC_101_-Notions-elementaires_May_2024_FINAL_FR.pdf\u00a0\u00bb][\/vc_column][\/vc_row]<\/p>\n<\/div>","protected":false},"excerpt":{"rendered":"<p>[vc_row][vc_column][vc_column_text]Le secr\u00e9tariat du CA\u00c9MC pr\u00e9par\u00e9e un recueil de donn\u00e9es sommaires sur l\u2019agr\u00e9ment des bureaux de formation m\u00e9dicale continue des universit\u00e9s canadiennes (CA\u00c9MC 101 : Notions \u00e9l\u00e9mentaires sur l\u2019agr\u00e9ment des bureaux de formation m\u00e9dicale continue des universit\u00e9s canadiennes)[\/vc_column_text][vc_btn title=\u00a0\u00bbCA\u00c9MC 101 : Notions \u00e9l\u00e9mentaires sur l&rsquo;agr\u00e9ment des unit\u00e9s de DPC (Publi\u00e9 en mai 2024)\u00a0\u00bb style=\u00a0\u00bbcustom\u00a0\u00bb custom_background=\u00a0\u00bb#637bbb\u00a0\u00bb custom_text=\u00a0\u00bb#ffffff\u00a0\u00bb [&hellip;]<\/p>\n","protected":false},"author":6,"featured_media":0,"parent":0,"menu_order":0,"comment_status":"closed","ping_status":"closed","template":"page-templates\/page-subpage.php","meta":{"_acf_changed":false,"footnotes":""},"class_list":["post-537","page","type-page","status-publish","hentry"],"acf":[],"yoast_head":"<!-- This site is optimized with the Yoast SEO plugin v26.2 - https:\/\/yoast.com\/wordpress\/plugins\/seo\/ -->\n<title>Documents ressource - CACME | CAEMC<\/title>\n<meta name=\"robots\" content=\"index, follow, max-snippet:-1, max-image-preview:large, max-video-preview:-1\" \/>\n<link rel=\"canonical\" href=\"https:\/\/cacme-caemc.ca\/fr\/documents-ressources\/\" \/>\n<meta property=\"og:locale\" content=\"fr_FR\" \/>\n<meta property=\"og:type\" content=\"article\" \/>\n<meta property=\"og:title\" content=\"Documents ressource - CACME | CAEMC\" \/>\n<meta property=\"og:description\" content=\"[vc_row][vc_column][vc_column_text]Le secr\u00e9tariat du CA\u00c9MC pr\u00e9par\u00e9e un recueil de donn\u00e9es sommaires sur l\u2019agr\u00e9ment des bureaux de formation m\u00e9dicale continue des universit\u00e9s canadiennes (CA\u00c9MC 101 : Notions \u00e9l\u00e9mentaires sur l\u2019agr\u00e9ment des bureaux de formation m\u00e9dicale continue des universit\u00e9s canadiennes)[\/vc_column_text][vc_btn title=\u00a0\u00bbCA\u00c9MC 101 : Notions \u00e9l\u00e9mentaires sur l&rsquo;agr\u00e9ment des unit\u00e9s de DPC (Publi\u00e9 en mai 2024)\u00a0\u00bb style=\u00a0\u00bbcustom\u00a0\u00bb custom_background=\u00a0\u00bb#637bbb\u00a0\u00bb custom_text=\u00a0\u00bb#ffffff\u00a0\u00bb [&hellip;]\" \/>\n<meta property=\"og:url\" content=\"https:\/\/cacme-caemc.ca\/fr\/documents-ressources\/\" \/>\n<meta property=\"og:site_name\" content=\"CACME | CAEMC\" \/>\n<meta property=\"article:modified_time\" content=\"2024-05-30T17:10:05+00:00\" \/>\n<meta name=\"twitter:card\" content=\"summary_large_image\" \/>\n<meta name=\"twitter:label1\" content=\"Dur\u00e9e de lecture estim\u00e9e\" \/>\n\t<meta name=\"twitter:data1\" content=\"1 minute\" \/>\n<script type=\"application\/ld+json\" class=\"yoast-schema-graph\">{\"@context\":\"https:\/\/schema.org\",\"@graph\":[{\"@type\":\"WebPage\",\"@id\":\"https:\/\/cacme-caemc.ca\/fr\/documents-ressources\/\",\"url\":\"https:\/\/cacme-caemc.ca\/fr\/documents-ressources\/\",\"name\":\"Documents ressource - CACME | CAEMC\",\"isPartOf\":{\"@id\":\"https:\/\/cacme-caemc.ca\/#website\"},\"datePublished\":\"2022-11-17T18:14:26+00:00\",\"dateModified\":\"2024-05-30T17:10:05+00:00\",\"breadcrumb\":{\"@id\":\"https:\/\/cacme-caemc.ca\/fr\/documents-ressources\/#breadcrumb\"},\"inLanguage\":\"fr-FR\",\"potentialAction\":[{\"@type\":\"ReadAction\",\"target\":[\"https:\/\/cacme-caemc.ca\/fr\/documents-ressources\/\"]}]},{\"@type\":\"BreadcrumbList\",\"@id\":\"https:\/\/cacme-caemc.ca\/fr\/documents-ressources\/#breadcrumb\",\"itemListElement\":[{\"@type\":\"ListItem\",\"position\":1,\"name\":\"Home\",\"item\":\"https:\/\/cacme-caemc.ca\/fr\/\"},{\"@type\":\"ListItem\",\"position\":2,\"name\":\"Documents ressource\"}]},{\"@type\":\"WebSite\",\"@id\":\"https:\/\/cacme-caemc.ca\/#website\",\"url\":\"https:\/\/cacme-caemc.ca\/\",\"name\":\"CACME | CAEMC\",\"description\":\"\",\"potentialAction\":[{\"@type\":\"SearchAction\",\"target\":{\"@type\":\"EntryPoint\",\"urlTemplate\":\"https:\/\/cacme-caemc.ca\/?s={search_term_string}\"},\"query-input\":{\"@type\":\"PropertyValueSpecification\",\"valueRequired\":true,\"valueName\":\"search_term_string\"}}],\"inLanguage\":\"fr-FR\"}]}<\/script>\n<!-- \/ Yoast SEO plugin. -->","yoast_head_json":{"title":"Documents ressource - CACME | CAEMC","robots":{"index":"index","follow":"follow","max-snippet":"max-snippet:-1","max-image-preview":"max-image-preview:large","max-video-preview":"max-video-preview:-1"},"canonical":"https:\/\/cacme-caemc.ca\/fr\/documents-ressources\/","og_locale":"fr_FR","og_type":"article","og_title":"Documents ressource - CACME | CAEMC","og_description":"[vc_row][vc_column][vc_column_text]Le secr\u00e9tariat du CA\u00c9MC pr\u00e9par\u00e9e un recueil de donn\u00e9es sommaires sur l\u2019agr\u00e9ment des bureaux de formation m\u00e9dicale continue des universit\u00e9s canadiennes (CA\u00c9MC 101 : Notions \u00e9l\u00e9mentaires sur l\u2019agr\u00e9ment des bureaux de formation m\u00e9dicale continue des universit\u00e9s canadiennes)[\/vc_column_text][vc_btn title=\u00a0\u00bbCA\u00c9MC 101 : Notions \u00e9l\u00e9mentaires sur l&rsquo;agr\u00e9ment des unit\u00e9s de DPC (Publi\u00e9 en mai 2024)\u00a0\u00bb style=\u00a0\u00bbcustom\u00a0\u00bb custom_background=\u00a0\u00bb#637bbb\u00a0\u00bb custom_text=\u00a0\u00bb#ffffff\u00a0\u00bb [&hellip;]","og_url":"https:\/\/cacme-caemc.ca\/fr\/documents-ressources\/","og_site_name":"CACME | CAEMC","article_modified_time":"2024-05-30T17:10:05+00:00","twitter_card":"summary_large_image","twitter_misc":{"Dur\u00e9e de lecture estim\u00e9e":"1 minute"},"schema":{"@context":"https:\/\/schema.org","@graph":[{"@type":"WebPage","@id":"https:\/\/cacme-caemc.ca\/fr\/documents-ressources\/","url":"https:\/\/cacme-caemc.ca\/fr\/documents-ressources\/","name":"Documents ressource - CACME | CAEMC","isPartOf":{"@id":"https:\/\/cacme-caemc.ca\/#website"},"datePublished":"2022-11-17T18:14:26+00:00","dateModified":"2024-05-30T17:10:05+00:00","breadcrumb":{"@id":"https:\/\/cacme-caemc.ca\/fr\/documents-ressources\/#breadcrumb"},"inLanguage":"fr-FR","potentialAction":[{"@type":"ReadAction","target":["https:\/\/cacme-caemc.ca\/fr\/documents-ressources\/"]}]},{"@type":"BreadcrumbList","@id":"https:\/\/cacme-caemc.ca\/fr\/documents-ressources\/#breadcrumb","itemListElement":[{"@type":"ListItem","position":1,"name":"Home","item":"https:\/\/cacme-caemc.ca\/fr\/"},{"@type":"ListItem","position":2,"name":"Documents ressource"}]},{"@type":"WebSite","@id":"https:\/\/cacme-caemc.ca\/#website","url":"https:\/\/cacme-caemc.ca\/","name":"CACME | CAEMC","description":"","potentialAction":[{"@type":"SearchAction","target":{"@type":"EntryPoint","urlTemplate":"https:\/\/cacme-caemc.ca\/?s={search_term_string}"},"query-input":{"@type":"PropertyValueSpecification","valueRequired":true,"valueName":"search_term_string"}}],"inLanguage":"fr-FR"}]}},"_links":{"self":[{"href":"https:\/\/cacme-caemc.ca\/fr\/wp-json\/wp\/v2\/pages\/537","targetHints":{"allow":["GET"]}}],"collection":[{"href":"https:\/\/cacme-caemc.ca\/fr\/wp-json\/wp\/v2\/pages"}],"about":[{"href":"https:\/\/cacme-caemc.ca\/fr\/wp-json\/wp\/v2\/types\/page"}],"author":[{"embeddable":true,"href":"https:\/\/cacme-caemc.ca\/fr\/wp-json\/wp\/v2\/users\/6"}],"replies":[{"embeddable":true,"href":"https:\/\/cacme-caemc.ca\/fr\/wp-json\/wp\/v2\/comments?post=537"}],"version-history":[{"count":11,"href":"https:\/\/cacme-caemc.ca\/fr\/wp-json\/wp\/v2\/pages\/537\/revisions"}],"predecessor-version":[{"id":1797,"href":"https:\/\/cacme-caemc.ca\/fr\/wp-json\/wp\/v2\/pages\/537\/revisions\/1797"}],"wp:attachment":[{"href":"https:\/\/cacme-caemc.ca\/fr\/wp-json\/wp\/v2\/media?parent=537"}],"curies":[{"name":"wp","href":"https:\/\/api.w.org\/{rel}","templated":true}]}}