{"id":506,"date":"2022-11-17T17:41:08","date_gmt":"2022-11-17T17:41:08","guid":{"rendered":"https:\/\/cacme-caemc.ca\/a-propos-de-cafmc\/accredited-programs\/"},"modified":"2025-01-09T22:08:22","modified_gmt":"2025-01-09T22:08:22","slug":"programmes-deducation-medicale-canadiens-agrees","status":"publish","type":"page","link":"https:\/\/cacme-caemc.ca\/fr\/caemc-en-bref\/programmes-deducation-medicale-canadiens-agrees\/","title":{"rendered":"Unit\u00e9s de DPC Agr\u00e9\u00e9es"},"content":{"rendered":"<div class=\"wpb-content-wrapper\"><p>[vc_row][vc_column][vc_column_text css=\u00a0\u00bb\u00a0\u00bb]<\/p>\n<h2><span class=\"ui-provider gp b c d e f g h i j k l m n o p q r s t u v w x y z ab ac ae af ag ah ai aj ak\" dir=\"ltr\">Les bureaux nationales d&rsquo;organisations prestataires d\u2019activit\u00e9s d&rsquo;\u00c9MC\/de DPC agr\u00e9\u00e9es<\/span><\/h2>\n<h5><strong>Alberta<\/strong><\/h5>\n<ul>\n<li><a href=\"https:\/\/cumming.ucalgary.ca\/cme\">University of Calgary, Cumming School of Medicine, Office of Continuing Medical Education &amp; Professional Development<\/a><\/li>\n<\/ul>\n<h5><strong>Colombie britannique<\/strong><\/h5>\n<ul>\n<li><a href=\"https:\/\/ubccpd.ca\/\">University of British Columbia, Faculty of Medicine, Division of Continuing Professional Development<\/a><\/li>\n<\/ul>\n<h5><strong>Manitoba<\/strong><\/h5>\n<ul>\n<li><a href=\"https:\/\/www.cpd-umanitoba.com\/\">University of Manitoba, Rady Faculty of Health Sciences, Office of Continuing Competency and Assessment<\/a><\/li>\n<\/ul>\n<h5><strong>Terre-Neuve et Labrador<\/strong><\/h5>\n<ul>\n<li><a href=\"https:\/\/www.med.mun.ca\/oped\/\">Memorial University of Newfoundland, Faculty of Medicine, Office of Continuing Competency Assessment<\/a><\/li>\n<\/ul>\n<h5><strong>Nouvelle-<\/strong>\u00c9cosse<\/h5>\n<ul>\n<li><a href=\"https:\/\/medicine.dal.ca\/departments\/core-units\/cpd.html\">Dalhousie University, Faculty of Medicine, Office of Continuing Professional Development and Medical Education<\/a><\/li>\n<\/ul>\n<h5><strong>Ontario<\/strong><\/h5>\n<ul>\n<li><a href=\"https:\/\/chse.mcmaster.ca\/\">McMaster University, Faculty of Health Sciences, Office of Continuing Professional Development<\/a><\/li>\n<li><a href=\"https:\/\/www.nosm.ca\/education\/cepd\/\">Northern Ontario School of Medicine University, Office of Continuing Education and Professional Development<\/a><\/li>\n<li><a href=\"https:\/\/www.uottawa.ca\/faculty-medicine\/professional-development\">University of Ottawa, Faculty of Medicine, Office of Continuing Education and Professional Development<\/a><\/li>\n<li><a href=\"https:\/\/healthsci.queensu.ca\/faculty-staff\/opdes\/about-us\/cpd\">Queen&rsquo;s University, Faculty of Health Sciences, Office of Continuing Professional Development<\/a><\/li>\n<li><a href=\"https:\/\/www.cpd.utoronto.ca\/\">University of Toronto, Temerty Faculty of Medicine, Office of Continuing Professional Development<\/a><\/li>\n<li><a href=\"https:\/\/www.schulich.uwo.ca\/continuingprofessionaldevelopment\/\">Western University, Schulich School of Medicine and Dentistry, Office of Continuing Medical Education<\/a><\/li>\n<\/ul>\n<h5><strong>Qu\u00e9bec<\/strong><\/h5>\n<ul>\n<li><a href=\"https:\/\/www.fmed.ulaval.ca\/faculte-et-reseau\/nos-services\/pedagogia\/presentation\">Universit\u00e9 Laval, Facult\u00e9 de m\u00e9decine, Centre de d\u00e9veloppement professionel continu<\/a><\/li>\n<li><a href=\"https:\/\/www.mcgill.ca\/medicinecpd\/\">McGill University, Faculty of Medicine and Health Sciences, Office of Continuing Medical Education<\/a><\/li>\n<li><a href=\"https:\/\/dpcmed.umontreal.ca\/\">Universit\u00e9 de Montr\u00e9al, Facult\u00e9 de m\u00e9decine, Direction du d\u00e9veloppement professionnel continu<\/a><\/li>\n<li><a href=\"https:\/\/www.usherbrooke.ca\/cfc\/\">Universit\u00e9 de Sherbrooke, Facult\u00e9 de m\u00e9decine et des sciences de la sant\u00e9, Centre de formation continue<\/a><\/li>\n<\/ul>\n<h5><strong>Saskatchewan<\/strong><\/h5>\n<ul>\n<li style=\"list-style-type: none;\">\n<ul>\n<li><a href=\"https:\/\/cmelearning.usask.ca\/\">University of Saskatchewan, College of Medicine, Continuing Medical Education Office<\/a><\/li>\n<\/ul>\n<\/li>\n<\/ul>\n<p>[\/vc_column_text][\/vc_column][\/vc_row]<\/p>\n<\/div>","protected":false},"excerpt":{"rendered":"<p>[vc_row][vc_column][vc_column_text css=\u00a0\u00bb\u00a0\u00bb] Les bureaux nationales d&rsquo;organisations prestataires d\u2019activit\u00e9s d&rsquo;\u00c9MC\/de DPC agr\u00e9\u00e9es Alberta University of Calgary, Cumming School of Medicine, Office of Continuing Medical Education &amp; Professional Development Colombie britannique University of British Columbia, Faculty of Medicine, Division of Continuing Professional Development Manitoba University of Manitoba, Rady Faculty of Health Sciences, Office of Continuing Competency and [&hellip;]<\/p>\n","protected":false},"author":6,"featured_media":0,"parent":158,"menu_order":0,"comment_status":"closed","ping_status":"closed","template":"","meta":{"_acf_changed":false,"footnotes":""},"class_list":["post-506","page","type-page","status-publish","hentry"],"acf":[],"yoast_head":"<!-- This site is optimized with the Yoast SEO plugin v26.2 - https:\/\/yoast.com\/wordpress\/plugins\/seo\/ -->\n<title>Unit\u00e9s de DPC Agr\u00e9\u00e9es - CACME | CAEMC<\/title>\n<meta name=\"robots\" content=\"index, follow, max-snippet:-1, max-image-preview:large, max-video-preview:-1\" \/>\n<link rel=\"canonical\" href=\"https:\/\/cacme-caemc.ca\/fr\/caemc-en-bref\/programmes-deducation-medicale-canadiens-agrees\/\" \/>\n<meta property=\"og:locale\" content=\"fr_FR\" \/>\n<meta property=\"og:type\" content=\"article\" \/>\n<meta property=\"og:title\" content=\"Unit\u00e9s de DPC Agr\u00e9\u00e9es - CACME | CAEMC\" \/>\n<meta property=\"og:description\" content=\"[vc_row][vc_column][vc_column_text css=\u00a0\u00bb\u00a0\u00bb] Les bureaux nationales d&rsquo;organisations prestataires d\u2019activit\u00e9s d&rsquo;\u00c9MC\/de DPC agr\u00e9\u00e9es Alberta University of Calgary, Cumming School of Medicine, Office of Continuing Medical Education &amp; Professional Development Colombie britannique University of British Columbia, Faculty of Medicine, Division of Continuing Professional Development Manitoba University of Manitoba, Rady Faculty of Health Sciences, Office of Continuing Competency and [&hellip;]\" \/>\n<meta property=\"og:url\" content=\"https:\/\/cacme-caemc.ca\/fr\/caemc-en-bref\/programmes-deducation-medicale-canadiens-agrees\/\" \/>\n<meta property=\"og:site_name\" content=\"CACME | CAEMC\" \/>\n<meta property=\"article:modified_time\" content=\"2025-01-09T22:08:22+00:00\" \/>\n<meta name=\"twitter:card\" content=\"summary_large_image\" \/>\n<meta name=\"twitter:label1\" content=\"Dur\u00e9e de lecture estim\u00e9e\" \/>\n\t<meta name=\"twitter:data1\" content=\"1 minute\" \/>\n<script type=\"application\/ld+json\" class=\"yoast-schema-graph\">{\"@context\":\"https:\/\/schema.org\",\"@graph\":[{\"@type\":\"WebPage\",\"@id\":\"https:\/\/cacme-caemc.ca\/fr\/caemc-en-bref\/programmes-deducation-medicale-canadiens-agrees\/\",\"url\":\"https:\/\/cacme-caemc.ca\/fr\/caemc-en-bref\/programmes-deducation-medicale-canadiens-agrees\/\",\"name\":\"Unit\u00e9s de DPC Agr\u00e9\u00e9es - CACME | CAEMC\",\"isPartOf\":{\"@id\":\"https:\/\/cacme-caemc.ca\/#website\"},\"datePublished\":\"2022-11-17T17:41:08+00:00\",\"dateModified\":\"2025-01-09T22:08:22+00:00\",\"breadcrumb\":{\"@id\":\"https:\/\/cacme-caemc.ca\/fr\/caemc-en-bref\/programmes-deducation-medicale-canadiens-agrees\/#breadcrumb\"},\"inLanguage\":\"fr-FR\",\"potentialAction\":[{\"@type\":\"ReadAction\",\"target\":[\"https:\/\/cacme-caemc.ca\/fr\/caemc-en-bref\/programmes-deducation-medicale-canadiens-agrees\/\"]}]},{\"@type\":\"BreadcrumbList\",\"@id\":\"https:\/\/cacme-caemc.ca\/fr\/caemc-en-bref\/programmes-deducation-medicale-canadiens-agrees\/#breadcrumb\",\"itemListElement\":[{\"@type\":\"ListItem\",\"position\":1,\"name\":\"Home\",\"item\":\"https:\/\/cacme-caemc.ca\/fr\/\"},{\"@type\":\"ListItem\",\"position\":2,\"name\":\"CA\u00c9MC en bref\",\"item\":\"https:\/\/cacme-caemc.ca\/fr\/caemc-en-bref\/\"},{\"@type\":\"ListItem\",\"position\":3,\"name\":\"Unit\u00e9s de DPC Agr\u00e9\u00e9es\"}]},{\"@type\":\"WebSite\",\"@id\":\"https:\/\/cacme-caemc.ca\/#website\",\"url\":\"https:\/\/cacme-caemc.ca\/\",\"name\":\"CACME | CAEMC\",\"description\":\"\",\"potentialAction\":[{\"@type\":\"SearchAction\",\"target\":{\"@type\":\"EntryPoint\",\"urlTemplate\":\"https:\/\/cacme-caemc.ca\/?s={search_term_string}\"},\"query-input\":{\"@type\":\"PropertyValueSpecification\",\"valueRequired\":true,\"valueName\":\"search_term_string\"}}],\"inLanguage\":\"fr-FR\"}]}<\/script>\n<!-- \/ Yoast SEO plugin. -->","yoast_head_json":{"title":"Unit\u00e9s de DPC Agr\u00e9\u00e9es - CACME | CAEMC","robots":{"index":"index","follow":"follow","max-snippet":"max-snippet:-1","max-image-preview":"max-image-preview:large","max-video-preview":"max-video-preview:-1"},"canonical":"https:\/\/cacme-caemc.ca\/fr\/caemc-en-bref\/programmes-deducation-medicale-canadiens-agrees\/","og_locale":"fr_FR","og_type":"article","og_title":"Unit\u00e9s de DPC Agr\u00e9\u00e9es - CACME | CAEMC","og_description":"[vc_row][vc_column][vc_column_text css=\u00a0\u00bb\u00a0\u00bb] Les bureaux nationales d&rsquo;organisations prestataires d\u2019activit\u00e9s d&rsquo;\u00c9MC\/de DPC agr\u00e9\u00e9es Alberta University of Calgary, Cumming School of Medicine, Office of Continuing Medical Education &amp; Professional Development Colombie britannique University of British Columbia, Faculty of Medicine, Division of Continuing Professional Development Manitoba University of Manitoba, Rady Faculty of Health Sciences, Office of Continuing Competency and [&hellip;]","og_url":"https:\/\/cacme-caemc.ca\/fr\/caemc-en-bref\/programmes-deducation-medicale-canadiens-agrees\/","og_site_name":"CACME | CAEMC","article_modified_time":"2025-01-09T22:08:22+00:00","twitter_card":"summary_large_image","twitter_misc":{"Dur\u00e9e de lecture estim\u00e9e":"1 minute"},"schema":{"@context":"https:\/\/schema.org","@graph":[{"@type":"WebPage","@id":"https:\/\/cacme-caemc.ca\/fr\/caemc-en-bref\/programmes-deducation-medicale-canadiens-agrees\/","url":"https:\/\/cacme-caemc.ca\/fr\/caemc-en-bref\/programmes-deducation-medicale-canadiens-agrees\/","name":"Unit\u00e9s de DPC Agr\u00e9\u00e9es - CACME | CAEMC","isPartOf":{"@id":"https:\/\/cacme-caemc.ca\/#website"},"datePublished":"2022-11-17T17:41:08+00:00","dateModified":"2025-01-09T22:08:22+00:00","breadcrumb":{"@id":"https:\/\/cacme-caemc.ca\/fr\/caemc-en-bref\/programmes-deducation-medicale-canadiens-agrees\/#breadcrumb"},"inLanguage":"fr-FR","potentialAction":[{"@type":"ReadAction","target":["https:\/\/cacme-caemc.ca\/fr\/caemc-en-bref\/programmes-deducation-medicale-canadiens-agrees\/"]}]},{"@type":"BreadcrumbList","@id":"https:\/\/cacme-caemc.ca\/fr\/caemc-en-bref\/programmes-deducation-medicale-canadiens-agrees\/#breadcrumb","itemListElement":[{"@type":"ListItem","position":1,"name":"Home","item":"https:\/\/cacme-caemc.ca\/fr\/"},{"@type":"ListItem","position":2,"name":"CA\u00c9MC en bref","item":"https:\/\/cacme-caemc.ca\/fr\/caemc-en-bref\/"},{"@type":"ListItem","position":3,"name":"Unit\u00e9s de DPC Agr\u00e9\u00e9es"}]},{"@type":"WebSite","@id":"https:\/\/cacme-caemc.ca\/#website","url":"https:\/\/cacme-caemc.ca\/","name":"CACME | CAEMC","description":"","potentialAction":[{"@type":"SearchAction","target":{"@type":"EntryPoint","urlTemplate":"https:\/\/cacme-caemc.ca\/?s={search_term_string}"},"query-input":{"@type":"PropertyValueSpecification","valueRequired":true,"valueName":"search_term_string"}}],"inLanguage":"fr-FR"}]}},"_links":{"self":[{"href":"https:\/\/cacme-caemc.ca\/fr\/wp-json\/wp\/v2\/pages\/506","targetHints":{"allow":["GET"]}}],"collection":[{"href":"https:\/\/cacme-caemc.ca\/fr\/wp-json\/wp\/v2\/pages"}],"about":[{"href":"https:\/\/cacme-caemc.ca\/fr\/wp-json\/wp\/v2\/types\/page"}],"author":[{"embeddable":true,"href":"https:\/\/cacme-caemc.ca\/fr\/wp-json\/wp\/v2\/users\/6"}],"replies":[{"embeddable":true,"href":"https:\/\/cacme-caemc.ca\/fr\/wp-json\/wp\/v2\/comments?post=506"}],"version-history":[{"count":12,"href":"https:\/\/cacme-caemc.ca\/fr\/wp-json\/wp\/v2\/pages\/506\/revisions"}],"predecessor-version":[{"id":1880,"href":"https:\/\/cacme-caemc.ca\/fr\/wp-json\/wp\/v2\/pages\/506\/revisions\/1880"}],"up":[{"embeddable":true,"href":"https:\/\/cacme-caemc.ca\/fr\/wp-json\/wp\/v2\/pages\/158"}],"wp:attachment":[{"href":"https:\/\/cacme-caemc.ca\/fr\/wp-json\/wp\/v2\/media?parent=506"}],"curies":[{"name":"wp","href":"https:\/\/api.w.org\/{rel}","templated":true}]}}