{"id":503,"date":"2022-11-17T17:40:28","date_gmt":"2022-11-17T17:40:28","guid":{"rendered":"https:\/\/cacme-caemc.ca\/a-propos-de-cafmc\/accreditation-meetings\/"},"modified":"2025-02-25T00:05:18","modified_gmt":"2025-02-25T00:05:18","slug":"reunions-du-comite-dagrement","status":"publish","type":"page","link":"https:\/\/cacme-caemc.ca\/fr\/caemc-en-bref\/reunions-du-comite-dagrement\/","title":{"rendered":"R\u00e9unions du CA\u00c9MC"},"content":{"rendered":"<h2 class=\"headline\">R\u00e9unions \u00e0 venir<\/h2>\n<p>Les r\u00e9unions du CAEMC se d\u00e9roulent deux fois par ann\u00e9e.\u00a0 Les prochaines r\u00e9unions sont pr\u00e9vues pour les:<\/p>\n<ul>\n<li>5-6 mai 2025<\/li>\n<li>17 novembre 2025<\/li>\n<li>11-12 mai 2026<\/li>\n<li>16 novembre 2026<\/li>\n<\/ul>\n","protected":false},"excerpt":{"rendered":"<p>R\u00e9unions \u00e0 venir Les r\u00e9unions du CAEMC se d\u00e9roulent deux fois par ann\u00e9e.\u00a0 Les prochaines r\u00e9unions sont pr\u00e9vues pour les: 5-6 mai 2025 17 novembre 2025 11-12 mai 2026 16 novembre 2026<\/p>\n","protected":false},"author":6,"featured_media":0,"parent":158,"menu_order":0,"comment_status":"closed","ping_status":"closed","template":"page-templates\/page-subpage.php","meta":{"_acf_changed":false,"footnotes":""},"class_list":["post-503","page","type-page","status-publish","hentry"],"acf":[],"yoast_head":"<!-- This site is optimized with the Yoast SEO plugin v26.2 - https:\/\/yoast.com\/wordpress\/plugins\/seo\/ -->\n<title>R\u00e9unions du CA\u00c9MC - CACME | CAEMC<\/title>\n<meta name=\"robots\" content=\"index, follow, max-snippet:-1, max-image-preview:large, max-video-preview:-1\" \/>\n<link rel=\"canonical\" href=\"https:\/\/cacme-caemc.ca\/fr\/caemc-en-bref\/reunions-du-comite-dagrement\/\" \/>\n<meta property=\"og:locale\" content=\"fr_FR\" \/>\n<meta property=\"og:type\" content=\"article\" \/>\n<meta property=\"og:title\" content=\"R\u00e9unions du CA\u00c9MC - CACME | CAEMC\" \/>\n<meta property=\"og:description\" content=\"R\u00e9unions \u00e0 venir Les r\u00e9unions du CAEMC se d\u00e9roulent deux fois par ann\u00e9e.\u00a0 Les prochaines r\u00e9unions sont pr\u00e9vues pour les: 5-6 mai 2025 17 novembre 2025 11-12 mai 2026 16 novembre 2026\" \/>\n<meta property=\"og:url\" content=\"https:\/\/cacme-caemc.ca\/fr\/caemc-en-bref\/reunions-du-comite-dagrement\/\" \/>\n<meta property=\"og:site_name\" content=\"CACME | CAEMC\" \/>\n<meta property=\"article:modified_time\" content=\"2025-02-25T00:05:18+00:00\" \/>\n<meta name=\"twitter:card\" content=\"summary_large_image\" \/>\n<meta name=\"twitter:label1\" content=\"Dur\u00e9e de lecture estim\u00e9e\" \/>\n\t<meta name=\"twitter:data1\" content=\"1 minute\" \/>\n<script type=\"application\/ld+json\" class=\"yoast-schema-graph\">{\"@context\":\"https:\/\/schema.org\",\"@graph\":[{\"@type\":\"WebPage\",\"@id\":\"https:\/\/cacme-caemc.ca\/fr\/caemc-en-bref\/reunions-du-comite-dagrement\/\",\"url\":\"https:\/\/cacme-caemc.ca\/fr\/caemc-en-bref\/reunions-du-comite-dagrement\/\",\"name\":\"R\u00e9unions du CA\u00c9MC - CACME | CAEMC\",\"isPartOf\":{\"@id\":\"https:\/\/cacme-caemc.ca\/#website\"},\"datePublished\":\"2022-11-17T17:40:28+00:00\",\"dateModified\":\"2025-02-25T00:05:18+00:00\",\"breadcrumb\":{\"@id\":\"https:\/\/cacme-caemc.ca\/fr\/caemc-en-bref\/reunions-du-comite-dagrement\/#breadcrumb\"},\"inLanguage\":\"fr-FR\",\"potentialAction\":[{\"@type\":\"ReadAction\",\"target\":[\"https:\/\/cacme-caemc.ca\/fr\/caemc-en-bref\/reunions-du-comite-dagrement\/\"]}]},{\"@type\":\"BreadcrumbList\",\"@id\":\"https:\/\/cacme-caemc.ca\/fr\/caemc-en-bref\/reunions-du-comite-dagrement\/#breadcrumb\",\"itemListElement\":[{\"@type\":\"ListItem\",\"position\":1,\"name\":\"Home\",\"item\":\"https:\/\/cacme-caemc.ca\/fr\/\"},{\"@type\":\"ListItem\",\"position\":2,\"name\":\"CA\u00c9MC en bref\",\"item\":\"https:\/\/cacme-caemc.ca\/fr\/caemc-en-bref\/\"},{\"@type\":\"ListItem\",\"position\":3,\"name\":\"R\u00e9unions du CA\u00c9MC\"}]},{\"@type\":\"WebSite\",\"@id\":\"https:\/\/cacme-caemc.ca\/#website\",\"url\":\"https:\/\/cacme-caemc.ca\/\",\"name\":\"CACME | CAEMC\",\"description\":\"\",\"potentialAction\":[{\"@type\":\"SearchAction\",\"target\":{\"@type\":\"EntryPoint\",\"urlTemplate\":\"https:\/\/cacme-caemc.ca\/?s={search_term_string}\"},\"query-input\":{\"@type\":\"PropertyValueSpecification\",\"valueRequired\":true,\"valueName\":\"search_term_string\"}}],\"inLanguage\":\"fr-FR\"}]}<\/script>\n<!-- \/ Yoast SEO plugin. -->","yoast_head_json":{"title":"R\u00e9unions du CA\u00c9MC - CACME | CAEMC","robots":{"index":"index","follow":"follow","max-snippet":"max-snippet:-1","max-image-preview":"max-image-preview:large","max-video-preview":"max-video-preview:-1"},"canonical":"https:\/\/cacme-caemc.ca\/fr\/caemc-en-bref\/reunions-du-comite-dagrement\/","og_locale":"fr_FR","og_type":"article","og_title":"R\u00e9unions du CA\u00c9MC - CACME | CAEMC","og_description":"R\u00e9unions \u00e0 venir Les r\u00e9unions du CAEMC se d\u00e9roulent deux fois par ann\u00e9e.\u00a0 Les prochaines r\u00e9unions sont pr\u00e9vues pour les: 5-6 mai 2025 17 novembre 2025 11-12 mai 2026 16 novembre 2026","og_url":"https:\/\/cacme-caemc.ca\/fr\/caemc-en-bref\/reunions-du-comite-dagrement\/","og_site_name":"CACME | CAEMC","article_modified_time":"2025-02-25T00:05:18+00:00","twitter_card":"summary_large_image","twitter_misc":{"Dur\u00e9e de lecture estim\u00e9e":"1 minute"},"schema":{"@context":"https:\/\/schema.org","@graph":[{"@type":"WebPage","@id":"https:\/\/cacme-caemc.ca\/fr\/caemc-en-bref\/reunions-du-comite-dagrement\/","url":"https:\/\/cacme-caemc.ca\/fr\/caemc-en-bref\/reunions-du-comite-dagrement\/","name":"R\u00e9unions du CA\u00c9MC - CACME | CAEMC","isPartOf":{"@id":"https:\/\/cacme-caemc.ca\/#website"},"datePublished":"2022-11-17T17:40:28+00:00","dateModified":"2025-02-25T00:05:18+00:00","breadcrumb":{"@id":"https:\/\/cacme-caemc.ca\/fr\/caemc-en-bref\/reunions-du-comite-dagrement\/#breadcrumb"},"inLanguage":"fr-FR","potentialAction":[{"@type":"ReadAction","target":["https:\/\/cacme-caemc.ca\/fr\/caemc-en-bref\/reunions-du-comite-dagrement\/"]}]},{"@type":"BreadcrumbList","@id":"https:\/\/cacme-caemc.ca\/fr\/caemc-en-bref\/reunions-du-comite-dagrement\/#breadcrumb","itemListElement":[{"@type":"ListItem","position":1,"name":"Home","item":"https:\/\/cacme-caemc.ca\/fr\/"},{"@type":"ListItem","position":2,"name":"CA\u00c9MC en bref","item":"https:\/\/cacme-caemc.ca\/fr\/caemc-en-bref\/"},{"@type":"ListItem","position":3,"name":"R\u00e9unions du CA\u00c9MC"}]},{"@type":"WebSite","@id":"https:\/\/cacme-caemc.ca\/#website","url":"https:\/\/cacme-caemc.ca\/","name":"CACME | CAEMC","description":"","potentialAction":[{"@type":"SearchAction","target":{"@type":"EntryPoint","urlTemplate":"https:\/\/cacme-caemc.ca\/?s={search_term_string}"},"query-input":{"@type":"PropertyValueSpecification","valueRequired":true,"valueName":"search_term_string"}}],"inLanguage":"fr-FR"}]}},"_links":{"self":[{"href":"https:\/\/cacme-caemc.ca\/fr\/wp-json\/wp\/v2\/pages\/503","targetHints":{"allow":["GET"]}}],"collection":[{"href":"https:\/\/cacme-caemc.ca\/fr\/wp-json\/wp\/v2\/pages"}],"about":[{"href":"https:\/\/cacme-caemc.ca\/fr\/wp-json\/wp\/v2\/types\/page"}],"author":[{"embeddable":true,"href":"https:\/\/cacme-caemc.ca\/fr\/wp-json\/wp\/v2\/users\/6"}],"replies":[{"embeddable":true,"href":"https:\/\/cacme-caemc.ca\/fr\/wp-json\/wp\/v2\/comments?post=503"}],"version-history":[{"count":12,"href":"https:\/\/cacme-caemc.ca\/fr\/wp-json\/wp\/v2\/pages\/503\/revisions"}],"predecessor-version":[{"id":1889,"href":"https:\/\/cacme-caemc.ca\/fr\/wp-json\/wp\/v2\/pages\/503\/revisions\/1889"}],"up":[{"embeddable":true,"href":"https:\/\/cacme-caemc.ca\/fr\/wp-json\/wp\/v2\/pages\/158"}],"wp:attachment":[{"href":"https:\/\/cacme-caemc.ca\/fr\/wp-json\/wp\/v2\/media?parent=503"}],"curies":[{"name":"wp","href":"https:\/\/api.w.org\/{rel}","templated":true}]}}