{"id":499,"date":"2022-11-17T17:29:57","date_gmt":"2022-11-17T17:29:57","guid":{"rendered":"https:\/\/cacme-caemc.ca\/a-propos-de-cafmc\/accreditation-procedure\/"},"modified":"2024-03-06T18:58:24","modified_gmt":"2024-03-06T18:58:24","slug":"procedures-dagrement","status":"publish","type":"page","link":"https:\/\/cacme-caemc.ca\/fr\/caemc-en-bref\/procedures-dagrement\/","title":{"rendered":"Proc\u00e9dures d&rsquo;agr\u00e9ment"},"content":{"rendered":"<div class=\"wpb-content-wrapper\"><p>[vc_row][vc_column][vc_column_text]<\/p>\n<h2>Le cycle d&rsquo;agr\u00e9ment<\/h2>\n<p><span class=\"TextRun SCXW66995019 BCX8\" lang=\"FR-CA\" xml:lang=\"FR-CA\" data-contrast=\"auto\"><span class=\"NormalTextRun SCXW66995019 BCX8\">Les unit\u00e9s universitaires de d\u00e9veloppement professionnel continu (DPC) sont examin\u00e9es tous les huit ans.<\/span><\/span> Le processus d&rsquo;agr\u00e9ment comprend:<\/p>\n<ul>\n<li>une visite d&rsquo;agr\u00e9ment compl\u00e8te \u00e0 l&rsquo;ann\u00e9e 0 (normalement virtuelle)<\/li>\n<li>un plan d&rsquo;action pour toutes les normes non conformes (NC) dans les 12 mois suivant la visite compl\u00e8te<\/li>\n<li>un rapport d&rsquo;\u00e9tat au terme de 24 mois et, le cas \u00e9ch\u00e9ant, au terme de 48 et 72 mois, pour les normes partiellement conformes (PC) ou NC<\/li>\n<li>une v\u00e9rification de l&rsquo;activit\u00e9 au terme de 48 mois, exig\u00e9e de toutes les unit\u00e9s de DPC \u00e9tablies dans les universit\u00e9s et, le cas \u00e9ch\u00e9ant, au terme des 24 et 72 mois, si elles sont jug\u00e9es partiellement conformes (PC) ou non conformes \u00e0 la norme 3.2.<\/li>\n<li>une \u00e9valuation interne de la qualit\u00e9 (EIQ) au terme des 48 mois, qui est exig\u00e9e de toutes les unit\u00e9s de DPC \u00e9tablies dans les universit\u00e9s;<\/li>\n<li>la prochaine visite d&rsquo;agr\u00e9ment compl\u00e8te au bout de 96 mois.<\/li>\n<\/ul>\n<p>Le CA\u00c9MC peut exiger des activit\u00e9s de suivi suppl\u00e9mentaires apr\u00e8s l&rsquo;examen des documents soumis dans le cadre de la proc\u00e9dure d&rsquo;agr\u00e9ment normale. Cela peut entra\u00eener une visite d&rsquo;agr\u00e9ment limit\u00e9e ou compl\u00e8te si le CA\u00c9MC d\u00e9termine que l&rsquo;unit\u00e9 DPC n&rsquo;est pas en conformit\u00e9 avec toutes les normes d&rsquo;agr\u00e9ment.<\/p>\n<h2>Avant la visite d&rsquo;agr\u00e9ment<\/h2>\n<h4>Le rapport sur l&rsquo;instrument de collecte des donn\u00e9es (ICD) :<\/h4>\n<p>En r\u00e9pondant aux questions, les personnes qui r\u00e9digent le rapport sont encourag\u00e9es \u00e0 fournir une r\u00e9ponse sommaire d&rsquo;un \u00e0 deux paragraphes aux questions avec quelques informations d&rsquo;accompagnement (limit\u00e9es), si n\u00e9cessaire, pour illustrer la mani\u00e8re dont l&rsquo;\u00e9l\u00e9ment est trait\u00e9 dans leur unit\u00e9. Par exemple, la r\u00e9f\u00e9rence \u00e0 un plan d&rsquo;affaires\/strat\u00e9gique est un moyen satisfaisant de fournir la d\u00e9claration de mission, les objectifs de l&rsquo;unit\u00e9, l&rsquo;organigramme, les \u00e9tats financiers, etc.<\/p>\n<p>Les \u00e9coles visit\u00e9es doivent soumettre leurs documents de pr\u00e9-visite directement aux membres de l&rsquo;\u00e9quipe de visite et au secr\u00e9tariat du CA\u00c9MC. En outre, l&rsquo;\u00e9cole doit conserver une copie dans son bureau.<\/p>\n<p>Des exemples choisis du mat\u00e9riel demand\u00e9 (brochures, proc\u00e8s-verbaux, rapports de cours, etc.) doivent \u00eatre envoy\u00e9s \u00e0 l&rsquo;\u00e9quipe de visite plut\u00f4t que des copies exhaustives. D&rsquo;autres exemples doivent \u00eatre disponibles pour inspection au moment de la visite d&rsquo;agr\u00e9ment.<\/p>\n<h2>L&rsquo;\u00e9quipe de visite d&rsquo;agr\u00e9ment<\/h2>\n<p>Le secr\u00e9tariat du CA\u00c9MC d\u00e9signera deux membres de l&rsquo;\u00e9quipe de visite qui recevront le rapport de l&rsquo;ICD au moins huit semaines avant la visite. Les membres de l&rsquo;\u00e9quipe de visite sont s\u00e9lectionn\u00e9s en fonction de leur formation et de leur exp\u00e9rience en mati\u00e8re de \u00c9MC et d&rsquo;enseignement m\u00e9dical.<\/p>\n<p>La visite d&rsquo;agr\u00e9ment se d\u00e9roule sur deux jours. Pendant cette p\u00e9riode, l&rsquo;\u00e9quipe de visite rencontre des personnes de la facult\u00e9 de m\u00e9decine ou de sciences de la sant\u00e9 (y compris le doyen), de l&rsquo;unit\u00e9 de DPC\/\u00c9MC, ainsi que des h\u00f4pitaux et des communaut\u00e9s concern\u00e9s, qui jouent un r\u00f4le pertinent en tant que parties prenantes. Les membres de l&rsquo;\u00e9quipe de visite recueillent l&rsquo;informations d\u00e9crite dans chaque norme.<\/p>\n<h2>Le rapport de visite d&rsquo;agr\u00e9ment<\/h2>\n<p>Suivant la fin de la visite, les membres de l&rsquo;\u00e9quipe d&rsquo;agr\u00e9ment soumettent au secr\u00e9tariat du CA\u00c9MC un rapport fond\u00e9 sur l&rsquo;information \u00e9valu\u00e9e ainsi que <span class=\"NormalTextRun SCXW40020119 BCX8\">la note qu&rsquo;ils recommandent pour chaque norme en fonction des crit\u00e8res d&rsquo;\u00e9valuation <\/span><span class=\"NormalTextRun SCXW40020119 BCX8\">pr\u00e9cis\u00e9s<\/span>. Le rapport de l&rsquo;examen d&rsquo;agr\u00e9ment sera pr\u00e9sent\u00e9 et discut\u00e9 lors de la prochaine r\u00e9union pr\u00e9vue du CA\u00c9MC, et une d\u00e9cision concernant la conformit\u00e9 \u00e0 chaque norme et le statut d&rsquo;agr\u00e9ment global sera d\u00fbment prise.<\/p>\n<h2>D\u00e9cisions d&rsquo;agr\u00e9ment<\/h2>\n<p>Le CA\u00c9MC fonde sa d\u00e9cision d&rsquo;agr\u00e9ement sur le rapport de visite d&rsquo;agr\u00e9ment. En temps normal, le CA\u00c9MC n&rsquo;examine aucun des documents primaires soumis par les bureaux de \u00c9MC\/DPC &#8211; il n&rsquo;examine que le rapport de la visite d&rsquo;agr\u00e9ment.\u00a0 Il est \u00e0 noter que les d\u00e9cisions finales en mati\u00e8re d&rsquo;agr\u00e9ment rel\u00e8vent de la seule responsabilit\u00e9 du CA\u00c9MC. Les membres de l&rsquo;\u00e9quipe de visite sont explicitement invit\u00e9s \u00e0 s&rsquo;abstenir de formuler des recommandations.[\/vc_column_text][\/vc_column][\/vc_row]<\/p>\n<\/div>","protected":false},"excerpt":{"rendered":"<p>[vc_row][vc_column][vc_column_text] Le cycle d&rsquo;agr\u00e9ment Les unit\u00e9s universitaires de d\u00e9veloppement professionnel continu (DPC) sont examin\u00e9es tous les huit ans. Le processus d&rsquo;agr\u00e9ment comprend: une visite d&rsquo;agr\u00e9ment compl\u00e8te \u00e0 l&rsquo;ann\u00e9e 0 (normalement virtuelle) un plan d&rsquo;action pour toutes les normes non conformes (NC) dans les 12 mois suivant la visite compl\u00e8te un rapport d&rsquo;\u00e9tat au terme de [&hellip;]<\/p>\n","protected":false},"author":6,"featured_media":0,"parent":158,"menu_order":0,"comment_status":"closed","ping_status":"closed","template":"page-templates\/page-subpage.php","meta":{"_acf_changed":false,"footnotes":""},"class_list":["post-499","page","type-page","status-publish","hentry"],"acf":[],"yoast_head":"<!-- This site is optimized with the Yoast SEO plugin v26.2 - https:\/\/yoast.com\/wordpress\/plugins\/seo\/ -->\n<title>Proc\u00e9dures d&#039;agr\u00e9ment - CACME | CAEMC<\/title>\n<meta name=\"robots\" content=\"index, follow, max-snippet:-1, max-image-preview:large, max-video-preview:-1\" \/>\n<link rel=\"canonical\" href=\"https:\/\/cacme-caemc.ca\/fr\/caemc-en-bref\/procedures-dagrement\/\" \/>\n<meta property=\"og:locale\" content=\"fr_FR\" \/>\n<meta property=\"og:type\" content=\"article\" \/>\n<meta property=\"og:title\" content=\"Proc\u00e9dures d&#039;agr\u00e9ment - CACME | CAEMC\" \/>\n<meta property=\"og:description\" content=\"[vc_row][vc_column][vc_column_text] Le cycle d&rsquo;agr\u00e9ment Les unit\u00e9s universitaires de d\u00e9veloppement professionnel continu (DPC) sont examin\u00e9es tous les huit ans. Le processus d&rsquo;agr\u00e9ment comprend: une visite d&rsquo;agr\u00e9ment compl\u00e8te \u00e0 l&rsquo;ann\u00e9e 0 (normalement virtuelle) un plan d&rsquo;action pour toutes les normes non conformes (NC) dans les 12 mois suivant la visite compl\u00e8te un rapport d&rsquo;\u00e9tat au terme de [&hellip;]\" \/>\n<meta property=\"og:url\" content=\"https:\/\/cacme-caemc.ca\/fr\/caemc-en-bref\/procedures-dagrement\/\" \/>\n<meta property=\"og:site_name\" content=\"CACME | CAEMC\" \/>\n<meta property=\"article:modified_time\" content=\"2024-03-06T18:58:24+00:00\" \/>\n<meta name=\"twitter:card\" content=\"summary_large_image\" \/>\n<meta name=\"twitter:label1\" content=\"Dur\u00e9e de lecture estim\u00e9e\" \/>\n\t<meta name=\"twitter:data1\" content=\"3 minutes\" \/>\n<script type=\"application\/ld+json\" class=\"yoast-schema-graph\">{\"@context\":\"https:\/\/schema.org\",\"@graph\":[{\"@type\":\"WebPage\",\"@id\":\"https:\/\/cacme-caemc.ca\/fr\/caemc-en-bref\/procedures-dagrement\/\",\"url\":\"https:\/\/cacme-caemc.ca\/fr\/caemc-en-bref\/procedures-dagrement\/\",\"name\":\"Proc\u00e9dures d'agr\u00e9ment - CACME | CAEMC\",\"isPartOf\":{\"@id\":\"https:\/\/cacme-caemc.ca\/#website\"},\"datePublished\":\"2022-11-17T17:29:57+00:00\",\"dateModified\":\"2024-03-06T18:58:24+00:00\",\"breadcrumb\":{\"@id\":\"https:\/\/cacme-caemc.ca\/fr\/caemc-en-bref\/procedures-dagrement\/#breadcrumb\"},\"inLanguage\":\"fr-FR\",\"potentialAction\":[{\"@type\":\"ReadAction\",\"target\":[\"https:\/\/cacme-caemc.ca\/fr\/caemc-en-bref\/procedures-dagrement\/\"]}]},{\"@type\":\"BreadcrumbList\",\"@id\":\"https:\/\/cacme-caemc.ca\/fr\/caemc-en-bref\/procedures-dagrement\/#breadcrumb\",\"itemListElement\":[{\"@type\":\"ListItem\",\"position\":1,\"name\":\"Home\",\"item\":\"https:\/\/cacme-caemc.ca\/fr\/\"},{\"@type\":\"ListItem\",\"position\":2,\"name\":\"CA\u00c9MC en bref\",\"item\":\"https:\/\/cacme-caemc.ca\/fr\/caemc-en-bref\/\"},{\"@type\":\"ListItem\",\"position\":3,\"name\":\"Proc\u00e9dures d&#8217;agr\u00e9ment\"}]},{\"@type\":\"WebSite\",\"@id\":\"https:\/\/cacme-caemc.ca\/#website\",\"url\":\"https:\/\/cacme-caemc.ca\/\",\"name\":\"CACME | CAEMC\",\"description\":\"\",\"potentialAction\":[{\"@type\":\"SearchAction\",\"target\":{\"@type\":\"EntryPoint\",\"urlTemplate\":\"https:\/\/cacme-caemc.ca\/?s={search_term_string}\"},\"query-input\":{\"@type\":\"PropertyValueSpecification\",\"valueRequired\":true,\"valueName\":\"search_term_string\"}}],\"inLanguage\":\"fr-FR\"}]}<\/script>\n<!-- \/ Yoast SEO plugin. -->","yoast_head_json":{"title":"Proc\u00e9dures d'agr\u00e9ment - CACME | CAEMC","robots":{"index":"index","follow":"follow","max-snippet":"max-snippet:-1","max-image-preview":"max-image-preview:large","max-video-preview":"max-video-preview:-1"},"canonical":"https:\/\/cacme-caemc.ca\/fr\/caemc-en-bref\/procedures-dagrement\/","og_locale":"fr_FR","og_type":"article","og_title":"Proc\u00e9dures d'agr\u00e9ment - CACME | CAEMC","og_description":"[vc_row][vc_column][vc_column_text] Le cycle d&rsquo;agr\u00e9ment Les unit\u00e9s universitaires de d\u00e9veloppement professionnel continu (DPC) sont examin\u00e9es tous les huit ans. Le processus d&rsquo;agr\u00e9ment comprend: une visite d&rsquo;agr\u00e9ment compl\u00e8te \u00e0 l&rsquo;ann\u00e9e 0 (normalement virtuelle) un plan d&rsquo;action pour toutes les normes non conformes (NC) dans les 12 mois suivant la visite compl\u00e8te un rapport d&rsquo;\u00e9tat au terme de [&hellip;]","og_url":"https:\/\/cacme-caemc.ca\/fr\/caemc-en-bref\/procedures-dagrement\/","og_site_name":"CACME | CAEMC","article_modified_time":"2024-03-06T18:58:24+00:00","twitter_card":"summary_large_image","twitter_misc":{"Dur\u00e9e de lecture estim\u00e9e":"3 minutes"},"schema":{"@context":"https:\/\/schema.org","@graph":[{"@type":"WebPage","@id":"https:\/\/cacme-caemc.ca\/fr\/caemc-en-bref\/procedures-dagrement\/","url":"https:\/\/cacme-caemc.ca\/fr\/caemc-en-bref\/procedures-dagrement\/","name":"Proc\u00e9dures d'agr\u00e9ment - CACME | CAEMC","isPartOf":{"@id":"https:\/\/cacme-caemc.ca\/#website"},"datePublished":"2022-11-17T17:29:57+00:00","dateModified":"2024-03-06T18:58:24+00:00","breadcrumb":{"@id":"https:\/\/cacme-caemc.ca\/fr\/caemc-en-bref\/procedures-dagrement\/#breadcrumb"},"inLanguage":"fr-FR","potentialAction":[{"@type":"ReadAction","target":["https:\/\/cacme-caemc.ca\/fr\/caemc-en-bref\/procedures-dagrement\/"]}]},{"@type":"BreadcrumbList","@id":"https:\/\/cacme-caemc.ca\/fr\/caemc-en-bref\/procedures-dagrement\/#breadcrumb","itemListElement":[{"@type":"ListItem","position":1,"name":"Home","item":"https:\/\/cacme-caemc.ca\/fr\/"},{"@type":"ListItem","position":2,"name":"CA\u00c9MC en bref","item":"https:\/\/cacme-caemc.ca\/fr\/caemc-en-bref\/"},{"@type":"ListItem","position":3,"name":"Proc\u00e9dures d&#8217;agr\u00e9ment"}]},{"@type":"WebSite","@id":"https:\/\/cacme-caemc.ca\/#website","url":"https:\/\/cacme-caemc.ca\/","name":"CACME | CAEMC","description":"","potentialAction":[{"@type":"SearchAction","target":{"@type":"EntryPoint","urlTemplate":"https:\/\/cacme-caemc.ca\/?s={search_term_string}"},"query-input":{"@type":"PropertyValueSpecification","valueRequired":true,"valueName":"search_term_string"}}],"inLanguage":"fr-FR"}]}},"_links":{"self":[{"href":"https:\/\/cacme-caemc.ca\/fr\/wp-json\/wp\/v2\/pages\/499","targetHints":{"allow":["GET"]}}],"collection":[{"href":"https:\/\/cacme-caemc.ca\/fr\/wp-json\/wp\/v2\/pages"}],"about":[{"href":"https:\/\/cacme-caemc.ca\/fr\/wp-json\/wp\/v2\/types\/page"}],"author":[{"embeddable":true,"href":"https:\/\/cacme-caemc.ca\/fr\/wp-json\/wp\/v2\/users\/6"}],"replies":[{"embeddable":true,"href":"https:\/\/cacme-caemc.ca\/fr\/wp-json\/wp\/v2\/comments?post=499"}],"version-history":[{"count":13,"href":"https:\/\/cacme-caemc.ca\/fr\/wp-json\/wp\/v2\/pages\/499\/revisions"}],"predecessor-version":[{"id":1069,"href":"https:\/\/cacme-caemc.ca\/fr\/wp-json\/wp\/v2\/pages\/499\/revisions\/1069"}],"up":[{"embeddable":true,"href":"https:\/\/cacme-caemc.ca\/fr\/wp-json\/wp\/v2\/pages\/158"}],"wp:attachment":[{"href":"https:\/\/cacme-caemc.ca\/fr\/wp-json\/wp\/v2\/media?parent=499"}],"curies":[{"name":"wp","href":"https:\/\/api.w.org\/{rel}","templated":true}]}}