{"id":496,"date":"2022-11-17T17:27:48","date_gmt":"2022-11-17T17:27:48","guid":{"rendered":"https:\/\/cacme-caemc.ca\/a-propos-de-cafmc\/committee-composition\/"},"modified":"2026-02-02T02:59:30","modified_gmt":"2026-02-02T02:59:30","slug":"composition-du-comite","status":"publish","type":"page","link":"https:\/\/cacme-caemc.ca\/fr\/caemc-en-bref\/composition-du-comite\/","title":{"rendered":"Composition du comit\u00e9"},"content":{"rendered":"<div class=\"wpb-content-wrapper\"><p>[vc_row][vc_column][vc_column_text css=\u00a0\u00bb\u00a0\u00bb]<\/p>\n<h4><strong>Organisations appuyant le CA\u00c9MC<\/strong><\/h4>\n<ul>\n<li>Association des facult\u00e9s de m\u00e9decine du Canada<\/li>\n<li>Coll\u00e8ge des m\u00e9decins du Qu\u00e9bec<\/li>\n<li>Coll\u00e8ge royal des m\u00e9decins et chirurgiens du Canada<\/li>\n<li>Coll\u00e8ge des m\u00e9decins de famille du Canada<\/li>\n<li>La F\u00e9d\u00e9ration des ordres des m\u00e9decins du Canada<\/li>\n<\/ul>\n<h4><strong>Nomination des membres<\/strong><\/h4>\n<p>Le Comit\u00e9 se compose de praticiens et d&rsquo;\u00e9ducateurs m\u00e9dicaux nomm\u00e9s par ses organismes partenaires.<\/p>\n<h4><strong>Composition du comit\u00e9<\/strong><\/h4>\n<h5><strong>AFMC<\/strong><\/h5>\n<ul>\n<li>Vincent Jobin<\/li>\n<li>Thomas Raedler<\/li>\n<li>Suzan Schneeweiss (Pr\u00e9sident)<\/li>\n<\/ul>\n<h5><strong>Coll\u00e8ge des m\u00e9decins de famille du Canada<\/strong><\/h5>\n<ul>\n<li>Jessica Black<\/li>\n<li>Leonora Lalla<\/li>\n<\/ul>\n<h5><strong>Coll\u00e8ge royal des m\u00e9decins et chirurgiens du Canada<\/strong><\/h5>\n<ul>\n<li>Tara Phillips<\/li>\n<li>Michel Smith<\/li>\n<\/ul>\n<h5><strong>Coll\u00e8ge des m\u00e9decins du Qu\u00e9bec<\/strong><\/h5>\n<ul>\n<li><span class=\"NormalTextRun SCXW55193897 BCX8\">Thomas <\/span><span class=\"NormalTextRun SCXW55193897 BCX8\">Maniatis<\/span><\/li>\n<\/ul>\n<h5><strong>F\u00e9d\u00e9ration des orders des m\u00e9decins du Canada<\/strong><\/h5>\n<ul>\n<li>Tanis Adey<\/li>\n<\/ul>\n<h5><strong>Secr\u00e9tariat<\/strong><\/h5>\n<ul>\n<li>Lisa Graves, MD, MCISc, secr\u00e9taire, CA\u00c9MC<\/li>\n<li>Scott J. Adams, MD, PhD, MEd, FRCPC, secr\u00e9taire adjointe, CA\u00c9MC<\/li>\n<\/ul>\n<h5><strong>Membres du personnel<\/strong><\/h5>\n<ul>\n<li>Claudine Le Quellec, gestionnaire de l\u2019agr\u00e9ment et membre du personnel du CA\u00c9MC<\/li>\n<li>Andrea Segal, MBA, sp\u00e9cialiste principale de l&rsquo;agr\u00e9ment et membre du CA\u00c9MC<\/li>\n<li>Reham Abdalla, sp\u00e9cialiste de l\u2019agr\u00e9ment et membre du personnel du CA\u00c9MC<\/li>\n<li>Gretchen Greer, sp\u00e9cialiste de l\u2019agr\u00e9ment et membre du personnel du CA\u00c9MC<\/li>\n<\/ul>\n<h4><strong>Confidentialit\u00e9 de l&rsquo;information li\u00e9e \u00e0 l&rsquo;agr\u00e9ment<\/strong><\/h4>\n<p>Le Comit\u00e9 d&rsquo;agr\u00e9ment pour l&rsquo;\u00e9ducation m\u00e9dicale continue (CA\u00c9MC) ne d\u00e9voilera au public que l&rsquo;\u00e9tat d&rsquo;agr\u00e9ment d&rsquo;une unit\u00e9 d&rsquo;\u00c9MC\/de FPC. Les lettres d&rsquo;agr\u00e9ment transmettant la d\u00e9cision d&rsquo;agr\u00e9ment de m\u00eame qu&rsquo;un exemplaire du rapport de visite sont envoy\u00e9es par le secr\u00e9taire du CA\u00c9MC au doyen de la Facult\u00e9 de m\u00e9decine. Le doyen associ\u00e9 de l&rsquo;\u00c9MC en re\u00e7oit \u00e9galement une copie. Le CA\u00c9MC conserve confidentiellement le rapport de visite et la lettre transmetant la d\u00e9cision d&rsquo;agr\u00e9ment. Cependant, les r\u00e9sultats figurant dans le rapport de visite final et les lettres d&rsquo;agr\u00e9ment peuvent \u00eatre d\u00e9voil\u00e9s par la facult\u00e9 de m\u00e9decine \u00e0 sa discr\u00e9tion.[\/vc_column_text][\/vc_column][\/vc_row]<\/p>\n<\/div>","protected":false},"excerpt":{"rendered":"<p>[vc_row][vc_column][vc_column_text css=\u00a0\u00bb\u00a0\u00bb] Organisations appuyant le CA\u00c9MC Association des facult\u00e9s de m\u00e9decine du Canada Coll\u00e8ge des m\u00e9decins du Qu\u00e9bec Coll\u00e8ge royal des m\u00e9decins et chirurgiens du Canada Coll\u00e8ge des m\u00e9decins de famille du Canada La F\u00e9d\u00e9ration des ordres des m\u00e9decins du Canada Nomination des membres Le Comit\u00e9 se compose de praticiens et d&rsquo;\u00e9ducateurs m\u00e9dicaux nomm\u00e9s par [&hellip;]<\/p>\n","protected":false},"author":6,"featured_media":0,"parent":158,"menu_order":0,"comment_status":"closed","ping_status":"closed","template":"page-templates\/page-subpage.php","meta":{"_acf_changed":false,"footnotes":""},"class_list":["post-496","page","type-page","status-publish","hentry"],"acf":[],"yoast_head":"<!-- This site is optimized with the Yoast SEO plugin v26.2 - https:\/\/yoast.com\/wordpress\/plugins\/seo\/ -->\n<title>Composition du comit\u00e9 - CACME | CAEMC<\/title>\n<meta name=\"robots\" content=\"index, follow, max-snippet:-1, max-image-preview:large, max-video-preview:-1\" \/>\n<link rel=\"canonical\" href=\"https:\/\/cacme-caemc.ca\/fr\/caemc-en-bref\/composition-du-comite\/\" \/>\n<meta property=\"og:locale\" content=\"fr_FR\" \/>\n<meta property=\"og:type\" content=\"article\" \/>\n<meta property=\"og:title\" content=\"Composition du comit\u00e9 - CACME | CAEMC\" \/>\n<meta property=\"og:description\" content=\"[vc_row][vc_column][vc_column_text css=\u00a0\u00bb\u00a0\u00bb] Organisations appuyant le CA\u00c9MC Association des facult\u00e9s de m\u00e9decine du Canada Coll\u00e8ge des m\u00e9decins du Qu\u00e9bec Coll\u00e8ge royal des m\u00e9decins et chirurgiens du Canada Coll\u00e8ge des m\u00e9decins de famille du Canada La F\u00e9d\u00e9ration des ordres des m\u00e9decins du Canada Nomination des membres Le Comit\u00e9 se compose de praticiens et d&rsquo;\u00e9ducateurs m\u00e9dicaux nomm\u00e9s par [&hellip;]\" \/>\n<meta property=\"og:url\" content=\"https:\/\/cacme-caemc.ca\/fr\/caemc-en-bref\/composition-du-comite\/\" \/>\n<meta property=\"og:site_name\" content=\"CACME | CAEMC\" \/>\n<meta property=\"article:modified_time\" content=\"2026-02-02T02:59:30+00:00\" \/>\n<meta name=\"twitter:card\" content=\"summary_large_image\" \/>\n<meta name=\"twitter:label1\" content=\"Dur\u00e9e de lecture estim\u00e9e\" \/>\n\t<meta name=\"twitter:data1\" content=\"2 minutes\" \/>\n<script type=\"application\/ld+json\" class=\"yoast-schema-graph\">{\"@context\":\"https:\/\/schema.org\",\"@graph\":[{\"@type\":\"WebPage\",\"@id\":\"https:\/\/cacme-caemc.ca\/fr\/caemc-en-bref\/composition-du-comite\/\",\"url\":\"https:\/\/cacme-caemc.ca\/fr\/caemc-en-bref\/composition-du-comite\/\",\"name\":\"Composition du comit\u00e9 - CACME | CAEMC\",\"isPartOf\":{\"@id\":\"https:\/\/cacme-caemc.ca\/#website\"},\"datePublished\":\"2022-11-17T17:27:48+00:00\",\"dateModified\":\"2026-02-02T02:59:30+00:00\",\"breadcrumb\":{\"@id\":\"https:\/\/cacme-caemc.ca\/fr\/caemc-en-bref\/composition-du-comite\/#breadcrumb\"},\"inLanguage\":\"fr-FR\",\"potentialAction\":[{\"@type\":\"ReadAction\",\"target\":[\"https:\/\/cacme-caemc.ca\/fr\/caemc-en-bref\/composition-du-comite\/\"]}]},{\"@type\":\"BreadcrumbList\",\"@id\":\"https:\/\/cacme-caemc.ca\/fr\/caemc-en-bref\/composition-du-comite\/#breadcrumb\",\"itemListElement\":[{\"@type\":\"ListItem\",\"position\":1,\"name\":\"Home\",\"item\":\"https:\/\/cacme-caemc.ca\/fr\/\"},{\"@type\":\"ListItem\",\"position\":2,\"name\":\"CA\u00c9MC en bref\",\"item\":\"https:\/\/cacme-caemc.ca\/fr\/caemc-en-bref\/\"},{\"@type\":\"ListItem\",\"position\":3,\"name\":\"Composition du comit\u00e9\"}]},{\"@type\":\"WebSite\",\"@id\":\"https:\/\/cacme-caemc.ca\/#website\",\"url\":\"https:\/\/cacme-caemc.ca\/\",\"name\":\"CACME | CAEMC\",\"description\":\"\",\"potentialAction\":[{\"@type\":\"SearchAction\",\"target\":{\"@type\":\"EntryPoint\",\"urlTemplate\":\"https:\/\/cacme-caemc.ca\/?s={search_term_string}\"},\"query-input\":{\"@type\":\"PropertyValueSpecification\",\"valueRequired\":true,\"valueName\":\"search_term_string\"}}],\"inLanguage\":\"fr-FR\"}]}<\/script>\n<!-- \/ Yoast SEO plugin. -->","yoast_head_json":{"title":"Composition du comit\u00e9 - CACME | CAEMC","robots":{"index":"index","follow":"follow","max-snippet":"max-snippet:-1","max-image-preview":"max-image-preview:large","max-video-preview":"max-video-preview:-1"},"canonical":"https:\/\/cacme-caemc.ca\/fr\/caemc-en-bref\/composition-du-comite\/","og_locale":"fr_FR","og_type":"article","og_title":"Composition du comit\u00e9 - CACME | CAEMC","og_description":"[vc_row][vc_column][vc_column_text css=\u00a0\u00bb\u00a0\u00bb] Organisations appuyant le CA\u00c9MC Association des facult\u00e9s de m\u00e9decine du Canada Coll\u00e8ge des m\u00e9decins du Qu\u00e9bec Coll\u00e8ge royal des m\u00e9decins et chirurgiens du Canada Coll\u00e8ge des m\u00e9decins de famille du Canada La F\u00e9d\u00e9ration des ordres des m\u00e9decins du Canada Nomination des membres Le Comit\u00e9 se compose de praticiens et d&rsquo;\u00e9ducateurs m\u00e9dicaux nomm\u00e9s par [&hellip;]","og_url":"https:\/\/cacme-caemc.ca\/fr\/caemc-en-bref\/composition-du-comite\/","og_site_name":"CACME | CAEMC","article_modified_time":"2026-02-02T02:59:30+00:00","twitter_card":"summary_large_image","twitter_misc":{"Dur\u00e9e de lecture estim\u00e9e":"2 minutes"},"schema":{"@context":"https:\/\/schema.org","@graph":[{"@type":"WebPage","@id":"https:\/\/cacme-caemc.ca\/fr\/caemc-en-bref\/composition-du-comite\/","url":"https:\/\/cacme-caemc.ca\/fr\/caemc-en-bref\/composition-du-comite\/","name":"Composition du comit\u00e9 - CACME | CAEMC","isPartOf":{"@id":"https:\/\/cacme-caemc.ca\/#website"},"datePublished":"2022-11-17T17:27:48+00:00","dateModified":"2026-02-02T02:59:30+00:00","breadcrumb":{"@id":"https:\/\/cacme-caemc.ca\/fr\/caemc-en-bref\/composition-du-comite\/#breadcrumb"},"inLanguage":"fr-FR","potentialAction":[{"@type":"ReadAction","target":["https:\/\/cacme-caemc.ca\/fr\/caemc-en-bref\/composition-du-comite\/"]}]},{"@type":"BreadcrumbList","@id":"https:\/\/cacme-caemc.ca\/fr\/caemc-en-bref\/composition-du-comite\/#breadcrumb","itemListElement":[{"@type":"ListItem","position":1,"name":"Home","item":"https:\/\/cacme-caemc.ca\/fr\/"},{"@type":"ListItem","position":2,"name":"CA\u00c9MC en bref","item":"https:\/\/cacme-caemc.ca\/fr\/caemc-en-bref\/"},{"@type":"ListItem","position":3,"name":"Composition du comit\u00e9"}]},{"@type":"WebSite","@id":"https:\/\/cacme-caemc.ca\/#website","url":"https:\/\/cacme-caemc.ca\/","name":"CACME | CAEMC","description":"","potentialAction":[{"@type":"SearchAction","target":{"@type":"EntryPoint","urlTemplate":"https:\/\/cacme-caemc.ca\/?s={search_term_string}"},"query-input":{"@type":"PropertyValueSpecification","valueRequired":true,"valueName":"search_term_string"}}],"inLanguage":"fr-FR"}]}},"_links":{"self":[{"href":"https:\/\/cacme-caemc.ca\/fr\/wp-json\/wp\/v2\/pages\/496","targetHints":{"allow":["GET"]}}],"collection":[{"href":"https:\/\/cacme-caemc.ca\/fr\/wp-json\/wp\/v2\/pages"}],"about":[{"href":"https:\/\/cacme-caemc.ca\/fr\/wp-json\/wp\/v2\/types\/page"}],"author":[{"embeddable":true,"href":"https:\/\/cacme-caemc.ca\/fr\/wp-json\/wp\/v2\/users\/6"}],"replies":[{"embeddable":true,"href":"https:\/\/cacme-caemc.ca\/fr\/wp-json\/wp\/v2\/comments?post=496"}],"version-history":[{"count":22,"href":"https:\/\/cacme-caemc.ca\/fr\/wp-json\/wp\/v2\/pages\/496\/revisions"}],"predecessor-version":[{"id":2048,"href":"https:\/\/cacme-caemc.ca\/fr\/wp-json\/wp\/v2\/pages\/496\/revisions\/2048"}],"up":[{"embeddable":true,"href":"https:\/\/cacme-caemc.ca\/fr\/wp-json\/wp\/v2\/pages\/158"}],"wp:attachment":[{"href":"https:\/\/cacme-caemc.ca\/fr\/wp-json\/wp\/v2\/media?parent=496"}],"curies":[{"name":"wp","href":"https:\/\/api.w.org\/{rel}","templated":true}]}}