{"id":1461,"date":"2023-02-16T23:06:37","date_gmt":"2023-02-16T23:06:37","guid":{"rendered":"https:\/\/cacme-caemc.ca\/?page_id=1461"},"modified":"2023-06-21T13:20:05","modified_gmt":"2023-06-21T13:20:05","slug":"plaintes","status":"publish","type":"page","link":"https:\/\/cacme-caemc.ca\/fr\/caemc-en-bref\/plaintes\/","title":{"rendered":"Plaintes"},"content":{"rendered":"<p>Le CA\u00c9MC examine les plaintes concernant ses normes d&rsquo;agr\u00e9ment, ses politiques, ses proc\u00e9dures ou ses activit\u00e9s. Ces plaintes doivent \u00eatre soumises par \u00e9crit au secr\u00e9tariat et ne seront pas prises en compte si elles sont soumises de mani\u00e8re anonyme. Si un membre du personnel du secr\u00e9tariat fait l&rsquo;objet d&rsquo;une plainte, il ne participera pas \u00e0 l&rsquo;enqu\u00eate ni \u00e0 la prise de d\u00e9cision concernant la plainte.<\/p>\n<p>Le secr\u00e9tariat proc\u00e8de \u00e0 une premi\u00e8re \u00e9valuation de toute plainte relative \u00e0 la qualit\u00e9 d&rsquo;un programme afin de d\u00e9terminer s&rsquo;il s&rsquo;agit d&rsquo;une non-conformit\u00e9 potentielle aux normes d&rsquo;agr\u00e9ment. Si le secr\u00e9tariat d\u00e9termine que la plainte pr\u00e9sente des preuves d&rsquo;un ou plusieurs domaines de non-conformit\u00e9, le doyen de la facult\u00e9 de m\u00e9decine recevra une copie de la plainte et aura la possibilit\u00e9 d&rsquo;y r\u00e9pondre par \u00e9crit.<\/p>\n<p>Si, apr\u00e8s examen d&rsquo;une plainte valable concernant la qualit\u00e9 d&rsquo;un programme \u00e9ducatif, le CA\u00c9MC d\u00e9termine qu&rsquo;une unit\u00e9 n&rsquo;est pas en conformit\u00e9 avec les normes d\u2019agr\u00e9ment pertinentes, il peut demander un rapport d\u2019\u00e9tat, effectuer une visite d&rsquo;agr\u00e9ment limit\u00e9 ou demander \u00e0 une \u00e9quipe de visiteurs d&rsquo;examiner le(s) probl\u00e8me(s) dans le cadre d&rsquo;une visite d&rsquo;agr\u00e9ment complet \u00e0 venir.<\/p>\n<p>L&rsquo;\u00e9quipe charg\u00e9e de la visite d&rsquo;agr\u00e9ment complet recevra la documentation relative aux plaintes qui ont \u00e9t\u00e9 jug\u00e9es li\u00e9es \u00e0 des domaines de non-conformit\u00e9 aux normes d&rsquo;agr\u00e9ment. Les membres de l&rsquo;\u00e9quipe de visiteurs recevront \u00e9galement des renseignements sur les mesures finales prises par le CA\u00c9MC concernant ces plaintes.<\/p>\n<p>Les plaintes font l&rsquo;objet d&rsquo;un accus\u00e9 de r\u00e9ception, mais le\/la plaignant\u00b7e n&rsquo;est pas inform\u00e9\u00b7e du r\u00e9sultat de l&rsquo;examen.<\/p>\n","protected":false},"excerpt":{"rendered":"<p>Le CA\u00c9MC examine les plaintes concernant ses normes d&rsquo;agr\u00e9ment, ses politiques, ses proc\u00e9dures ou ses activit\u00e9s. Ces plaintes doivent \u00eatre soumises par \u00e9crit au secr\u00e9tariat et ne seront pas prises en compte si elles sont soumises de mani\u00e8re anonyme. Si un membre du personnel du secr\u00e9tariat fait l&rsquo;objet d&rsquo;une plainte, il ne participera pas \u00e0 [&hellip;]<\/p>\n","protected":false},"author":6,"featured_media":0,"parent":158,"menu_order":0,"comment_status":"closed","ping_status":"closed","template":"","meta":{"_acf_changed":false,"footnotes":""},"class_list":["post-1461","page","type-page","status-publish","hentry"],"acf":[],"yoast_head":"<!-- This site is optimized with the Yoast SEO plugin v26.2 - https:\/\/yoast.com\/wordpress\/plugins\/seo\/ -->\n<title>Plaintes - CACME | CAEMC<\/title>\n<meta name=\"robots\" content=\"index, follow, max-snippet:-1, max-image-preview:large, max-video-preview:-1\" \/>\n<link rel=\"canonical\" href=\"https:\/\/cacme-caemc.ca\/fr\/caemc-en-bref\/plaintes\/\" \/>\n<meta property=\"og:locale\" content=\"fr_FR\" \/>\n<meta property=\"og:type\" content=\"article\" \/>\n<meta property=\"og:title\" content=\"Plaintes - CACME | CAEMC\" \/>\n<meta property=\"og:description\" content=\"Le CA\u00c9MC examine les plaintes concernant ses normes d&rsquo;agr\u00e9ment, ses politiques, ses proc\u00e9dures ou ses activit\u00e9s. Ces plaintes doivent \u00eatre soumises par \u00e9crit au secr\u00e9tariat et ne seront pas prises en compte si elles sont soumises de mani\u00e8re anonyme. Si un membre du personnel du secr\u00e9tariat fait l&rsquo;objet d&rsquo;une plainte, il ne participera pas \u00e0 [&hellip;]\" \/>\n<meta property=\"og:url\" content=\"https:\/\/cacme-caemc.ca\/fr\/caemc-en-bref\/plaintes\/\" \/>\n<meta property=\"og:site_name\" content=\"CACME | CAEMC\" \/>\n<meta property=\"article:modified_time\" content=\"2023-06-21T13:20:05+00:00\" \/>\n<meta name=\"twitter:card\" content=\"summary_large_image\" \/>\n<meta name=\"twitter:label1\" content=\"Dur\u00e9e de lecture estim\u00e9e\" \/>\n\t<meta name=\"twitter:data1\" content=\"2 minutes\" \/>\n<script type=\"application\/ld+json\" class=\"yoast-schema-graph\">{\"@context\":\"https:\/\/schema.org\",\"@graph\":[{\"@type\":\"WebPage\",\"@id\":\"https:\/\/cacme-caemc.ca\/fr\/caemc-en-bref\/plaintes\/\",\"url\":\"https:\/\/cacme-caemc.ca\/fr\/caemc-en-bref\/plaintes\/\",\"name\":\"Plaintes - CACME | CAEMC\",\"isPartOf\":{\"@id\":\"https:\/\/cacme-caemc.ca\/#website\"},\"datePublished\":\"2023-02-16T23:06:37+00:00\",\"dateModified\":\"2023-06-21T13:20:05+00:00\",\"breadcrumb\":{\"@id\":\"https:\/\/cacme-caemc.ca\/fr\/caemc-en-bref\/plaintes\/#breadcrumb\"},\"inLanguage\":\"fr-FR\",\"potentialAction\":[{\"@type\":\"ReadAction\",\"target\":[\"https:\/\/cacme-caemc.ca\/fr\/caemc-en-bref\/plaintes\/\"]}]},{\"@type\":\"BreadcrumbList\",\"@id\":\"https:\/\/cacme-caemc.ca\/fr\/caemc-en-bref\/plaintes\/#breadcrumb\",\"itemListElement\":[{\"@type\":\"ListItem\",\"position\":1,\"name\":\"Home\",\"item\":\"https:\/\/cacme-caemc.ca\/fr\/\"},{\"@type\":\"ListItem\",\"position\":2,\"name\":\"CA\u00c9MC en bref\",\"item\":\"https:\/\/cacme-caemc.ca\/fr\/caemc-en-bref\/\"},{\"@type\":\"ListItem\",\"position\":3,\"name\":\"Plaintes\"}]},{\"@type\":\"WebSite\",\"@id\":\"https:\/\/cacme-caemc.ca\/#website\",\"url\":\"https:\/\/cacme-caemc.ca\/\",\"name\":\"CACME | CAEMC\",\"description\":\"\",\"potentialAction\":[{\"@type\":\"SearchAction\",\"target\":{\"@type\":\"EntryPoint\",\"urlTemplate\":\"https:\/\/cacme-caemc.ca\/?s={search_term_string}\"},\"query-input\":{\"@type\":\"PropertyValueSpecification\",\"valueRequired\":true,\"valueName\":\"search_term_string\"}}],\"inLanguage\":\"fr-FR\"}]}<\/script>\n<!-- \/ Yoast SEO plugin. -->","yoast_head_json":{"title":"Plaintes - CACME | CAEMC","robots":{"index":"index","follow":"follow","max-snippet":"max-snippet:-1","max-image-preview":"max-image-preview:large","max-video-preview":"max-video-preview:-1"},"canonical":"https:\/\/cacme-caemc.ca\/fr\/caemc-en-bref\/plaintes\/","og_locale":"fr_FR","og_type":"article","og_title":"Plaintes - CACME | CAEMC","og_description":"Le CA\u00c9MC examine les plaintes concernant ses normes d&rsquo;agr\u00e9ment, ses politiques, ses proc\u00e9dures ou ses activit\u00e9s. Ces plaintes doivent \u00eatre soumises par \u00e9crit au secr\u00e9tariat et ne seront pas prises en compte si elles sont soumises de mani\u00e8re anonyme. Si un membre du personnel du secr\u00e9tariat fait l&rsquo;objet d&rsquo;une plainte, il ne participera pas \u00e0 [&hellip;]","og_url":"https:\/\/cacme-caemc.ca\/fr\/caemc-en-bref\/plaintes\/","og_site_name":"CACME | CAEMC","article_modified_time":"2023-06-21T13:20:05+00:00","twitter_card":"summary_large_image","twitter_misc":{"Dur\u00e9e de lecture estim\u00e9e":"2 minutes"},"schema":{"@context":"https:\/\/schema.org","@graph":[{"@type":"WebPage","@id":"https:\/\/cacme-caemc.ca\/fr\/caemc-en-bref\/plaintes\/","url":"https:\/\/cacme-caemc.ca\/fr\/caemc-en-bref\/plaintes\/","name":"Plaintes - CACME | CAEMC","isPartOf":{"@id":"https:\/\/cacme-caemc.ca\/#website"},"datePublished":"2023-02-16T23:06:37+00:00","dateModified":"2023-06-21T13:20:05+00:00","breadcrumb":{"@id":"https:\/\/cacme-caemc.ca\/fr\/caemc-en-bref\/plaintes\/#breadcrumb"},"inLanguage":"fr-FR","potentialAction":[{"@type":"ReadAction","target":["https:\/\/cacme-caemc.ca\/fr\/caemc-en-bref\/plaintes\/"]}]},{"@type":"BreadcrumbList","@id":"https:\/\/cacme-caemc.ca\/fr\/caemc-en-bref\/plaintes\/#breadcrumb","itemListElement":[{"@type":"ListItem","position":1,"name":"Home","item":"https:\/\/cacme-caemc.ca\/fr\/"},{"@type":"ListItem","position":2,"name":"CA\u00c9MC en bref","item":"https:\/\/cacme-caemc.ca\/fr\/caemc-en-bref\/"},{"@type":"ListItem","position":3,"name":"Plaintes"}]},{"@type":"WebSite","@id":"https:\/\/cacme-caemc.ca\/#website","url":"https:\/\/cacme-caemc.ca\/","name":"CACME | CAEMC","description":"","potentialAction":[{"@type":"SearchAction","target":{"@type":"EntryPoint","urlTemplate":"https:\/\/cacme-caemc.ca\/?s={search_term_string}"},"query-input":{"@type":"PropertyValueSpecification","valueRequired":true,"valueName":"search_term_string"}}],"inLanguage":"fr-FR"}]}},"_links":{"self":[{"href":"https:\/\/cacme-caemc.ca\/fr\/wp-json\/wp\/v2\/pages\/1461","targetHints":{"allow":["GET"]}}],"collection":[{"href":"https:\/\/cacme-caemc.ca\/fr\/wp-json\/wp\/v2\/pages"}],"about":[{"href":"https:\/\/cacme-caemc.ca\/fr\/wp-json\/wp\/v2\/types\/page"}],"author":[{"embeddable":true,"href":"https:\/\/cacme-caemc.ca\/fr\/wp-json\/wp\/v2\/users\/6"}],"replies":[{"embeddable":true,"href":"https:\/\/cacme-caemc.ca\/fr\/wp-json\/wp\/v2\/comments?post=1461"}],"version-history":[{"count":4,"href":"https:\/\/cacme-caemc.ca\/fr\/wp-json\/wp\/v2\/pages\/1461\/revisions"}],"predecessor-version":[{"id":1624,"href":"https:\/\/cacme-caemc.ca\/fr\/wp-json\/wp\/v2\/pages\/1461\/revisions\/1624"}],"up":[{"embeddable":true,"href":"https:\/\/cacme-caemc.ca\/fr\/wp-json\/wp\/v2\/pages\/158"}],"wp:attachment":[{"href":"https:\/\/cacme-caemc.ca\/fr\/wp-json\/wp\/v2\/media?parent=1461"}],"curies":[{"name":"wp","href":"https:\/\/api.w.org\/{rel}","templated":true}]}}